{"id":118,"date":"2019-04-03T21:01:22","date_gmt":"2019-04-03T21:01:22","guid":{"rendered":"https:\/\/cms.dvg-lsa.de\/?page_id=118"},"modified":"2021-03-11T09:37:40","modified_gmt":"2021-03-11T09:37:40","slug":"jugend","status":"publish","type":"page","link":"https:\/\/www.dvgbund.de\/?page_id=118","title":{"rendered":"Bundesgewerkschaftstag"},"content":{"rendered":"\n<p>Der Bundesgewerkschaftstag ist das h\u00f6chste Beschlussgremium der Deutschen Verwaltungs-Gewerkschaft. Er findet alle f\u00fcnf Jahre statt.<\/p>\n\n\n\n<p>Der 16. DVG Bundesgewerkschaftstag findet am 18. und 19. Juni 2021 in Saarbr\u00fccken statt.<\/p>\n\n\n\n<p>Der Bundesgewerkschaftstag ist insbesondere zust\u00e4ndig f\u00fcr:<\/p>\n\n\n\n<p>a) Festlegung der Grunds\u00e4tze f\u00fcr die gewerkschaftliche Arbeit,<\/p>\n\n\n\n<p>b) Satzungs\u00e4nderungen,<\/p>\n\n\n\n<p>c) Wahl des \/der Bundesvorsitzenden und von zwei stellvertretenden Bundesvorsitzenden in<\/p>\n\n\n\n<p>&nbsp;&nbsp;&nbsp; geheimer Wahl. Einzelheiten bestimmt die Wahlordnung.<\/p>\n\n\n\n<p>d) Wahl von zwei Rechnungspr\u00fcfern\/Rechnungspr\u00fcferinnen und zwei Stellvertretern\/<\/p>\n\n\n\n<p>&nbsp;&nbsp;&nbsp; Stellvertreterinnen,<\/p>\n\n\n\n<p>e) Entgegennahme des Gesch\u00e4fts- und Kassenberichts des Bundesvorstandes,<\/p>\n\n\n\n<p>f)&nbsp; Entgegennahme des Berichts der Rechnungspr\u00fcfer\/-innen,<\/p>\n\n\n\n<p>g) Erteilung der Entlastung,<\/p>\n\n\n\n<p>h) Beschlussfassung \u00fcber die H\u00f6he des Beitrages gem\u00e4\u00df \u00a7 4 Abs. 1 S. 1,<\/p>\n\n\n\n<p>i)&nbsp; Beratung von Antr\u00e4gen und Beschlussfassung \u00fcber Antr\u00e4ge,<\/p>\n\n\n\n<p>j)&nbsp; Wahl von Ehrenvorsitzenden.<\/p>\n","protected":false},"excerpt":{"rendered":"<p>Der Bundesgewerkschaftstag ist das h\u00f6chste Beschlussgremium der Deutschen Verwaltungs-Gewerkschaft. Er findet alle f\u00fcnf Jahre statt. Der 16. DVG Bundesgewerkschaftstag findet am 18. und 19. Juni 2021 in Saarbr\u00fccken statt. Der Bundesgewerkschaftstag ist insbesondere zust\u00e4ndig f\u00fcr: a) Festlegung der Grunds\u00e4tze f\u00fcr die gewerkschaftliche Arbeit, b) Satzungs\u00e4nderungen, c) Wahl des \/der Bundesvorsitzenden und von zwei stellvertretenden Bundesvorsitzenden &#8230; <a title=\"Bundesgewerkschaftstag\" class=\"read-more\" href=\"https:\/\/www.dvgbund.de\/?page_id=118\" aria-label=\"Mehr Informationen \u00fcber Bundesgewerkschaftstag\">Weiterlesen<\/a><\/p>\n","protected":false},"author":1,"featured_media":0,"parent":94,"menu_order":0,"comment_status":"closed","ping_status":"closed","template":"","meta":{"_mi_skip_tracking":false,"_monsterinsights_sitenote_active":false,"_monsterinsights_sitenote_note":"","_monsterinsights_sitenote_category":0,"footnotes":""},"class_list":["post-118","page","type-page","status-publish"],"aioseo_notices":[],"_links":{"self":[{"href":"https:\/\/www.dvgbund.de\/index.php?rest_route=\/wp\/v2\/pages\/118","targetHints":{"allow":["GET"]}}],"collection":[{"href":"https:\/\/www.dvgbund.de\/index.php?rest_route=\/wp\/v2\/pages"}],"about":[{"href":"https:\/\/www.dvgbund.de\/index.php?rest_route=\/wp\/v2\/types\/page"}],"author":[{"embeddable":true,"href":"https:\/\/www.dvgbund.de\/index.php?rest_route=\/wp\/v2\/users\/1"}],"replies":[{"embeddable":true,"href":"https:\/\/www.dvgbund.de\/index.php?rest_route=%2Fwp%2Fv2%2Fcomments&post=118"}],"version-history":[{"count":7,"href":"https:\/\/www.dvgbund.de\/index.php?rest_route=\/wp\/v2\/pages\/118\/revisions"}],"predecessor-version":[{"id":1007,"href":"https:\/\/www.dvgbund.de\/index.php?rest_route=\/wp\/v2\/pages\/118\/revisions\/1007"}],"up":[{"embeddable":true,"href":"https:\/\/www.dvgbund.de\/index.php?rest_route=\/wp\/v2\/pages\/94"}],"wp:attachment":[{"href":"https:\/\/www.dvgbund.de\/index.php?rest_route=%2Fwp%2Fv2%2Fmedia&parent=118"}],"curies":[{"name":"wp","href":"https:\/\/api.w.org\/{rel}","templated":true}]}}