{"id":15,"date":"2019-03-18T20:14:17","date_gmt":"2019-03-18T20:14:17","guid":{"rendered":"https:\/\/cms.dvg-lsa.de\/?page_id=15"},"modified":"2025-01-14T22:55:58","modified_gmt":"2025-01-14T21:55:58","slug":"startseite","status":"publish","type":"page","link":"https:\/\/www.dvgbund.de\/","title":{"rendered":"Startseite"},"content":{"rendered":"\n<style type=\"text\/css\">\n.ytp-gradient-top{display:none !important}\n.ytp-show-watch-later-title{display:none !important}\n.ytp-watch-later-button{display:none !important}\n.ytp-share-button{display:none !important}\n.sh_video_overlay{\n}\n#particles-js2 .qcld_hero_content_area{\n\tposition:absolute;\n\twidth: 100%;\n\ttop: 50px;\t\n\t\tz-index:9;\n}\n#particles-js2 .slider-x-lead-title, #particles-js2 .hero_slider_button, #particles-js2 .slider-x-item-title{margin: 15px 0px;}\n#particles-js2 .slider-x-lead-title{\n}\n#particles-js2 .hero_slider_button{\n}\n#particles-js2 .slider-x-item-title{\n}\n.slider-hero-prev, .slider-hero-next{\n}\n.slider-hero-prev:hover,.slider-hero-next:hover{\n}\n.qc-sliderX-bottom-slide{\n}\n.qc-sliderX-bottom-slide:hover{\n}\n.qc-sliderx-bottom-current{\n}\n#particles-js2 canvas {\n\tposition:absolute;\n\t\tz-index:8;\n\t}\n#particles-js2 > img{\n\tposition:absolute;\n\tz-index:1;\n}\n#particles-js2{\n  width: 100%;\n  height: 100%;\n  overflow: hidden;\n  background-color: #4e56fc;\n  background-size: cover;\n  background-position: 50% 50%;\n  background-repeat: no-repeat;\n  z-index: 1;\n  position:relative;\n    max-width: unset !important;\n}\n#sunset {\n    position: absolute;\n    top: 0;\n    left: 0;\n    width: 100%;\n    height: 100%;\n    background: #294372 url('https:\/\/www.dvgbund.de\/wp-content\/plugins\/slider-hero\/images\/sunset.jpg') center top no-repeat;\n    background-size: cover;\n    opacity: 0;\n    z-index: 1\n}\n.slider-x-lead-title2{\n\/*position: absolute;\ntop: 6.19667%;*\/\nleft: 0px;\nwidth: 100%;\n\tpadding: 0px 10% !important;\nbox-sizing: border-box;\n}\n.slider-x-item-title2{\n\/*\nposition: absolute;\ntop: 30%;*\/\nleft: 0px;\nwidth: 100%;\nz-index:99 !important;\n\tpadding: 0px 10% !important;\nline-height: 40px;\nbox-sizing: border-box;\n}\n.slider-x-lead-title2{\nfont-size: 20px !important;color: #d6d6d6 !important;text-align: center;\nline-height: 54px;\n}\n.hero_slider_btn2{\n\t\/*\n\tposition:absolute;\n\ttop: 54.36%;*\/\n\tleft:0px;\n\twidth:100%;\n\tpadding: 0px 10% !important;\n\tbox-sizing: border-box;\n\tz-index: -1;\ntext-align: center;}\n.hero_slider_btn2 a{\n\tz-index: 9;\n    position: relative;\n}\n.slider-x-item-title2, .slider-x-item-title2 > p, .slider-x-item-title2 > *{\ncolor: #e8e8e8;font-size: 30px;line-height: 30px;text-align: center;line-height: 40px;padding: 0px;\n}\n@media only screen and (min-width: 320px) and (max-width: 767px){\n.qcld_hero_content_area h2{font-size:26px !important;line-height: 30px !important;}\n.qcld_hero_content_area > .slider-x-item-title > p{font-size: 16px !important;line-height:normal;}\t\n}\n<\/style>\n<div class=\"hero_preloader\" style=\"background: #fff;width: 100%;height: 300px;z-index: 999;position: relative;display: flex;justify-content: center !important;align-items: center;\">\n\t\t<div class=\"hero_loader\"><\/div>\n<\/div>\n<div id=\"particles-js2\"  style=\"display:none;\" >\n\t\t\t\t\t\t\t\t<div class=\"qcld_hero_content_area\" data-bg-image=\"https:\/\/www.dvgbund.de\/wp-content\/uploads\/2019\/11\/AdobeStock_193457655-ai.png\" style=\"display:none;\">\n<style type=\"text\/css\">\n.slider-x-lead-title2, .slider-x-lead-title2 p, .slider-x-lead-title2 h1, .slider-x-lead-title2 h2, .slider-x-lead-title2 span{\n\t\t}\n.slider-x-item-title2, .slider-x-item-title2 p, .slider-x-item-title2 div{\n\t\t}\n<\/style>\n\t<h2 class=\"slider-x-lead-title slider-x-lead-title2\"><\/h2>\n\t\t\t\t\t\t<div class=\"slider-x-item-title slider-x-item-title2\">\n\t\t\t\t\t\t\t\t\t\t\t\t\t<\/div>\n\t\t<\/div> <!--End of hero Content Area-->\n\t<script type=\"text\/javascript\">\nfunction heroCookie(cname, cvalue, exdays) {\n    var d = new Date();\n    d.setTime(d.getTime() + (exdays*24*60*60*1000));\n    var expires = \"expires=\"+ d.toUTCString();\n    document.cookie = cname + \"=\" + cvalue + \";\" + expires + \";path=\/\";\n}\nfunction heroisMobile(){\n\tvar isMobile = false; \/\/initiate as false\n\t\t\/\/ device detection\n\t\tif(\/(android|bb\\d+|meego).+mobile|avantgo|bada\\\/|blackberry|blazer|compal|elaine|fennec|hiptop|iemobile|ip(hone|od)|ipad|iris|kindle|Android|Silk|lge |maemo|midp|mmp|netfront|opera m(ob|in)i|palm( os)?|phone|p(ixi|re)\\\/|plucker|pocket|psp|series(4|6)0|symbian|treo|up\\.(browser|link)|vodafone|wap|windows (ce|phone)|xda|xiino\/i.test(navigator.userAgent) \n\t\t|| \/1207|6310|6590|3gso|4thp|50[1-6]i|770s|802s|a wa|abac|ac(er|oo|s\\-)|ai(ko|rn)|al(av|ca|co)|amoi|an(ex|ny|yw)|aptu|ar(ch|go)|as(te|us)|attw|au(di|\\-m|r |s )|avan|be(ck|ll|nq)|bi(lb|rd)|bl(ac|az)|br(e|v)w|bumb|bw\\-(n|u)|c55\\\/|capi|ccwa|cdm\\-|cell|chtm|cldc|cmd\\-|co(mp|nd)|craw|da(it|ll|ng)|dbte|dc\\-s|devi|dica|dmob|do(c|p)o|ds(12|\\-d)|el(49|ai)|em(l2|ul)|er(ic|k0)|esl8|ez([4-7]0|os|wa|ze)|fetc|fly(\\-|_)|g1 u|g560|gene|gf\\-5|g\\-mo|go(\\.w|od)|gr(ad|un)|haie|hcit|hd\\-(m|p|t)|hei\\-|hi(pt|ta)|hp( i|ip)|hs\\-c|ht(c(\\-| |_|a|g|p|s|t)|tp)|hu(aw|tc)|i\\-(20|go|ma)|i230|iac( |\\-|\\\/)|ibro|idea|ig01|ikom|im1k|inno|ipaq|iris|ja(t|v)a|jbro|jemu|jigs|kddi|keji|kgt( |\\\/)|klon|kpt |kwc\\-|kyo(c|k)|le(no|xi)|lg( g|\\\/(k|l|u)|50|54|\\-[a-w])|libw|lynx|m1\\-w|m3ga|m50\\\/|ma(te|ui|xo)|mc(01|21|ca)|m\\-cr|me(rc|ri)|mi(o8|oa|ts)|mmef|mo(01|02|bi|de|do|t(\\-| |o|v)|zz)|mt(50|p1|v )|mwbp|mywa|n10[0-2]|n20[2-3]|n30(0|2)|n50(0|2|5)|n7(0(0|1)|10)|ne((c|m)\\-|on|tf|wf|wg|wt)|nok(6|i)|nzph|o2im|op(ti|wv)|oran|owg1|p800|pan(a|d|t)|pdxg|pg(13|\\-([1-8]|c))|phil|pire|pl(ay|uc)|pn\\-2|po(ck|rt|se)|prox|psio|pt\\-g|qa\\-a|qc(07|12|21|32|60|\\-[2-7]|i\\-)|qtek|r380|r600|raks|rim9|ro(ve|zo)|s55\\\/|sa(ge|ma|mm|ms|ny|va)|sc(01|h\\-|oo|p\\-)|sdk\\\/|se(c(\\-|0|1)|47|mc|nd|ri)|sgh\\-|shar|sie(\\-|m)|sk\\-0|sl(45|id)|sm(al|ar|b3|it|t5)|so(ft|ny)|sp(01|h\\-|v\\-|v )|sy(01|mb)|t2(18|50)|t6(00|10|18)|ta(gt|lk)|tcl\\-|tdg\\-|tel(i|m)|tim\\-|t\\-mo|to(pl|sh)|ts(70|m\\-|m3|m5)|tx\\-9|up(\\.b|g1|si)|utst|v400|v750|veri|vi(rg|te)|vk(40|5[0-3]|\\-v)|vm40|voda|vulc|vx(52|53|60|61|70|80|81|83|85|98)|w3c(\\-| )|webc|whit|wi(g |nc|nw)|wmlb|wonu|x700|yas\\-|your|zeto|zte\\-\/i.test(navigator.userAgent.substr(0,4))) isMobile = true;\n\treturn isMobile;\n}\nfunction getOffset1( el ) {\n    var _x = 0;\n    var _y = 0;\n    while( el && !isNaN( el.offsetLeft ) && !isNaN( el.offsetTop ) ) {\n        _x += el.offsetLeft - el.scrollLeft;\n        _y += el.offsetTop - el.scrollTop;\n        el = el.offsetParent;\n    }\n\t_x = parseInt(_x) + parseInt(jQuery('#particles-js2').parent().css('padding-left'));\n    return { top: _y, left: _x };\n}\n\tjQuery(window).on('load', function() {\n\t\t\t\t   jQuery('.hero_preloader').remove();\n\t   \t   jQuery('#particles-js2').show();\n\t   jQuery('#particles-js2 canvas').width(jQuery('#particles-js2').width());\n\t\tvar maindivcontainer = jQuery('#particles-js2');\n\t\tif(jQuery(window).width() < 767){\n\t\t\tmaindivcontainer.find('.qcld_hero_content_area:visible').css('margin-top','-'+Math.round(maindivcontainer.find('.qcld_hero_content_area:visible').height()\/2)+'px');\n\t\t}\n});\njQuery(document).ready(function($){\n\t    $.fn.sliderX.defaults = {\n\t\tsliderWidth:800,\n\t\tsliderHeight:300,\n\t\t\/\/sliderBackground:'#4e56fc',\n        pauseTime: 13000,\n\t\tpaddingTime: 500,\n        startSlide: 0,\n\t\ttitlePositionTop:'0%',\n\t\ttitlePositionLeft:'0%',\n\t\tdescPositionTop:'0%',\n\t\tdescPositionLeft:'0%',\n\t\t\/\/titleTextAnimation:'pulse',\n\t\ttitleTextColor:'#d6d6d6',\n\t\tdescriptionTextColor:'#e8e8e8',\n\t\ttitleFontSize:'20',\n\t\tarrowClass: 'arrow-circle',\n\t\tdescriptionFontSize:'30',\n\t\t\t\tfullWidth:false,\n\t\t\t\t\t\tfullScreen:false,\n\t\t\t\t\t\tScreenauto:true,\n\t\t\t\tdirectionCon:false,\n\t\tbottomCon:false,\n\t\tslideStart: false,\n\t\t\t\t\t\t\tarrow_style: 'default',\n\t\t\t\t\t\t\t\trandomslide: false,\n\t\tprevSlideText:'Previous',\n\t\tnextSlideText:'Next',\n\t\ttitleAnimation: 'bounceInLeft',\n\t\ttitleoutAnimation: '',\n\t\tdesAnimation: 'bounceInRight',\n\t\tdesoutAnimation: '',\n\t\tlfxtitlein:'',\n\t\tlfxtitleout:'',\n\t\tlfxdesin:'',\n\t\tlfxdesout:'',\n\t\tbuttonAnimation: 'normal',\n\t\tbuttonoutAnimation: '',\n\t\tredirecturl: '',\n\t\tredirectdelay: '',\n\t\tcontentposition: 'top',\n\t\tbgtransition: 'fade',\n\t\t\t\t\t\trepeat: false,\n\t\t\t\t\t\tsliderestart: true,\n\t\t\t\t\t\t\t\t\t\tsliderpause: true,\n\t\tmainId: 'particles-js2',\n\t\tsid: '2',\n\t\tslidertype: 'no_effect',\n        beforeChange: function(){\n\t\t\t\/\/alert(\"i am changing..\");\n\t\t}\n    };   \n    function firesliderx(){\n\t\tjQuery('#particles-js2').sliderX();\n\t}\n\t\t\tif(jQuery('.second_div_hero').length<1)\n\t\t\tfiresliderx();\n$(window).on('resize', function() {\n\tsetTimeout(function(){\n\t\tif(jQuery(window).width()<767){\n\t\t\tvar maindivcontainer = $('#particles-js2');\n\t\t\tvar present_slide = maindivcontainer.find('.qcld_hero_content_area:visible');\n\t\t\t\/\/present_slide.css('height',maindivcontainer.height()+'px');\n\t\t}\n\t}, 500);\n});\n$('body').css({\n\t'overflow-x':'hidden',\n});\n});\nvar mainId = 'particles-js2';\nvar no_effect_mainId = 'particles-js2';\n\/\/helix\n\/\/Microcosm effect\n\/\/code for water Swimming config\/\/\n\/\/Warp Speed\n\/\/Line\n\/\/Circle\n\/\/waaave\n\/\/Ballsgravity\n\/\/iconsahedron\n\/\/corruption\n\/\/chaos\n\/\/helix_multiple\n\/\/neno_hexagon\n\/\/cosmic_web\n\/\/directional\n\/\/distance\n\/\/valentine\n\/\/WaterDropLet\n<\/script>\n<\/div>\n<div style=\"background-image:url(https:\/\/www.dvgbund.de\/wp-content\/uploads\/2019\/11\/AdobeStock_193457655-ai.png);position:absolute;left:-999px;width:2px;height:2px;z-index:-999\"><\/div>\n\n\n\n\n<div style=\"margin: 30px;\"><h3>Neuigkeiten<\/h3><\/div>\n\n\n\n\n\n\n<div class=\"wp-block-buttons is-content-justification-center is-layout-flex wp-container-core-buttons-is-layout-16018d1d wp-block-buttons-is-layout-flex\">\n<div class=\"wp-block-button has-custom-width wp-block-button__width-25\"><a class=\"wp-block-button__link has-text-align-center wp-element-button\" href=\"https:\/\/www.dvgbund.de\/?cat=3\">Archiv<\/a><\/div>\n<\/div>\n\n\n\n<div style=\"margin: 30px;\"><h3>dbb News<\/h3><\/div>\n\n\n<div class=\"grid-container grid-parent wp_rss_feed_plugin\"><div class=\"grid-parent grid-33 tablet-grid-50 mobile-grid-100\" style=\"margin-bottom: 15px;\"><aside class=\"widget inner-padding widget_text\"><div class=\"wp_rss_feed_plugin_imagex\" style=\"margin-top:0px;margin-right:30px;margin-left:30px;\"><img decoding=\"async\" class=\"portrait\" src=\"https:\/\/www.dbb.de\/fileadmin\/_processed_\/b\/b\/csm_260423_Gespraech_Miersch_privat_9f3b610d94.jpg\" alt=\"true\"><\/div><div style=\"margin-left:30px;margin-right:30px;\"><a class=\"wp_rss_feed_plugin_title\" target=\"_blank\" href=\"https:\/\/www.dbb.de\/artikel\/alterssicherung-langfristig-denken-statt-strohfeuer-zuenden.html\" rel=\"nofollow\" title=\"Alterssicherung: Langfristig denken statt Strohfeuer z\u00fcnden\">Alterssicherung: Langfristig denken statt Strohfeuer z\u00fcnden<\/a><\/div><div class=\"wp_rss_feed_plugin_container\" style=\"margin-left:30px;margin-right:30px;margin-top: 15px;\">In einem Gespr\u00e4ch mit Matthias Miersch, MdB, Vorsitzender der SPD-Bundestagsfraktion,&nbsp;am 23. April 2026 sprach Geyer&hellip;<div class=\"wp_rss_feed_plugin_metadata\" style=\"text-align:right;color:#929292;font-size:0.7em;\"><span class=\"wp_rss_feed_plugin_date\">April 23, 2026<\/span><\/div><\/div><\/aside><\/div><div class=\"grid-parent grid-33 tablet-grid-50 mobile-grid-100\" style=\"margin-bottom: 15px;\"><aside class=\"widget inner-padding widget_text\"><div class=\"wp_rss_feed_plugin_imagex\" style=\"margin-top:0px;margin-right:30px;margin-left:30px;\"><img decoding=\"async\" class=\"portrait\" src=\"https:\/\/www.dbb.de\/fileadmin\/_processed_\/3\/9\/csm_260422_Deutsche_Welle_Demo_Brenner_1_88a9a7e10b.jpg\" alt=\"true\"><\/div><div style=\"margin-left:30px;margin-right:30px;\"><a class=\"wp_rss_feed_plugin_title\" target=\"_blank\" href=\"https:\/\/www.dbb.de\/artikel\/die-deutschen-welle-ist-die-stimme-der-freiheit.html\" rel=\"nofollow\" title=\"\u201eDie Deutsche Welle ist die Stimme der Freiheit\u201c\">\u201eDie Deutsche Welle ist die Stimme der Freiheit\u201c<\/a><\/div><div class=\"wp_rss_feed_plugin_container\" style=\"margin-left:30px;margin-right:30px;margin-top: 15px;\">\u201eIn einer Zeit, in der weltweit von immer mehr Regierungen Tatsachen verdreht, Fakten zu Meinungen&hellip;<div class=\"wp_rss_feed_plugin_metadata\" style=\"text-align:right;color:#929292;font-size:0.7em;\"><span class=\"wp_rss_feed_plugin_date\">April 22, 2026<\/span><\/div><\/div><\/aside><\/div><div class=\"grid-parent grid-33 tablet-grid-50 mobile-grid-100\" style=\"margin-bottom: 15px;\"><aside class=\"widget inner-padding widget_text\"><div class=\"wp_rss_feed_plugin_imagex\" style=\"margin-top:0px;margin-right:30px;margin-left:30px;\"><img decoding=\"async\" class=\"portrait\" src=\"https:\/\/www.dbb.de\/fileadmin\/_processed_\/a\/5\/csm_230130_altersgeld_colourbox_cac8d8db4c.jpg\" alt=\"true\"><\/div><div style=\"margin-left:30px;margin-right:30px;\"><a class=\"wp_rss_feed_plugin_title\" target=\"_blank\" href=\"https:\/\/www.dbb.de\/artikel\/gesetzliche-rente-als-basisabsicherung-geyer-widerspricht.html\" rel=\"nofollow\" title=\"Gesetzliche Rente als \u201eBasisabsicherung\u201c? Geyer widerspricht\">Gesetzliche Rente als \u201eBasisabsicherung\u201c? Geyer widerspricht<\/a><\/div><div class=\"wp_rss_feed_plugin_container\" style=\"margin-left:30px;margin-right:30px;margin-top: 15px;\">\u201eDie Gesetzliche Rente schlecht zu reden, bringt niemandem etwas. Ende Juni wird die von der&hellip;<div class=\"wp_rss_feed_plugin_metadata\" style=\"text-align:right;color:#929292;font-size:0.7em;\"><span class=\"wp_rss_feed_plugin_date\">April 22, 2026<\/span><\/div><\/div><\/aside><\/div><\/div>\n\n\n\n<div style=\"margin: 30px;\"><h3>Aktuelles aus dbb vorsorgewerk &amp; dbb vorteilswelt<\/h3><\/div>\n\n\n<div class=\"grid-container grid-parent wp_rss_feed_plugin\"><div class=\"grid-parent grid-33 tablet-grid-50 mobile-grid-100\" style=\"margin-bottom: 15px;\"><aside class=\"widget inner-padding widget_text\"><div class=\"wp_rss_feed_plugin_imagex\" style=\"margin-top:0px;margin-right:30px;margin-left:30px;\"><img decoding=\"async\" class=\"portrait\" src=\"https:\/\/www.dbb-vorteilswelt.de\/wp-content\/uploads\/2026\/04\/ratenkreditetipps_870.jpg\" alt=\"true\"><\/div><div style=\"margin-left:30px;margin-right:30px;\"><a class=\"wp_rss_feed_plugin_title\" target=\"_blank\" href=\"https:\/\/www.dbb-vorteilswelt.de\/partner-ratenkredit-zinsen-runter-ueberblick-rauf\/?partner-ref=DVG-BUND\" rel=\"nofollow\" title=\"Ratenkredit: Zinsen runter, \u00dcberblick rauf\">Ratenkredit: Zinsen runter, \u00dcberblick rauf<\/a><\/div><div class=\"wp_rss_feed_plugin_container\" style=\"margin-left:30px;margin-right:30px;margin-top: 15px;\">Beamtenkredite \u00fcber das dbb vorsorgewerk \u2013 starke Konditionen f\u00fcr alle, die t\u00e4glich Verantwortung f\u00fcrs...<div class=\"wp_rss_feed_plugin_metadata\" style=\"text-align:right;color:#929292;font-size:0.7em;\"><span class=\"wp_rss_feed_plugin_date\">April 2, 2026<\/span><\/div><\/div><\/aside><\/div><div class=\"grid-parent grid-33 tablet-grid-50 mobile-grid-100\" style=\"margin-bottom: 15px;\"><aside class=\"widget inner-padding widget_text\"><div class=\"wp_rss_feed_plugin_imagex\" style=\"margin-top:0px;margin-right:30px;margin-left:30px;\"><img decoding=\"async\" class=\"portrait\" src=\"https:\/\/www.dbb-vorteilswelt.de\/wp-content\/uploads\/2026\/03\/baufinanzierung870a.jpg\" alt=\"true\"><\/div><div style=\"margin-left:30px;margin-right:30px;\"><a class=\"wp_rss_feed_plugin_title\" target=\"_blank\" href=\"https:\/\/www.dbb-vorteilswelt.de\/partner-immobilienfinanzierung-gut-geplant-ins-eigenheim\/?partner-ref=DVG-BUND\" rel=\"nofollow\" title=\"Immobilienfinanzierung: Gut geplant ins Eigenheim\">Immobilienfinanzierung: Gut geplant ins Eigenheim<\/a><\/div><div class=\"wp_rss_feed_plugin_container\" style=\"margin-left:30px;margin-right:30px;margin-top: 15px;\">Langfristig auf sicherem Fundament bauen: Eine durchdachte Finanzierung macht den entscheidenden Unterschied. ...<div class=\"wp_rss_feed_plugin_metadata\" style=\"text-align:right;color:#929292;font-size:0.7em;\"><span class=\"wp_rss_feed_plugin_date\">M\u00e4rz 4, 2026<\/span><\/div><\/div><\/aside><\/div><div class=\"grid-parent grid-33 tablet-grid-50 mobile-grid-100\" style=\"margin-bottom: 15px;\"><aside class=\"widget inner-padding widget_text\"><div class=\"wp_rss_feed_plugin_imagex\" style=\"margin-top:0px;margin-right:30px;margin-left:30px;\"><img decoding=\"async\" class=\"portrait\" src=\"https:\/\/www.dbb-vorteilswelt.de\/wp-content\/uploads\/2026\/01\/haustiereimauto870.jpg\" alt=\"true\"><\/div><div style=\"margin-left:30px;margin-right:30px;\"><a class=\"wp_rss_feed_plugin_title\" target=\"_blank\" href=\"https:\/\/www.dbb-vorteilswelt.de\/partner-sicher-unterwegs-mit-haustieren\/?partner-ref=DVG-BUND\" rel=\"nofollow\" title=\"Fahrten mit dem Haustier: Gute Planung wichtig\">Fahrten mit dem Haustier: Gute Planung wichtig<\/a><\/div><div class=\"wp_rss_feed_plugin_container\" style=\"margin-left:30px;margin-right:30px;margin-top: 15px;\">Wer mit Hund, Katze oder anderen Haustieren unterwegs ist, sollte den Tiertransport im Auto nicht&hellip;<div class=\"wp_rss_feed_plugin_metadata\" style=\"text-align:right;color:#929292;font-size:0.7em;\"><span class=\"wp_rss_feed_plugin_date\">Januar 26, 2026<\/span><\/div><\/div><\/aside><\/div><\/div>\n","protected":false},"excerpt":{"rendered":"<p>Neuigkeiten dbb News Aktuelles aus dbb vorsorgewerk &amp; dbb vorteilswelt<\/p>\n","protected":false},"author":1,"featured_media":0,"parent":0,"menu_order":0,"comment_status":"closed","ping_status":"closed","template":"","meta":{"_mi_skip_tracking":false,"_monsterinsights_sitenote_active":false,"_monsterinsights_sitenote_note":"","_monsterinsights_sitenote_category":0,"footnotes":""},"class_list":["post-15","page","type-page","status-publish"],"aioseo_notices":[],"_links":{"self":[{"href":"https:\/\/www.dvgbund.de\/index.php?rest_route=\/wp\/v2\/pages\/15","targetHints":{"allow":["GET"]}}],"collection":[{"href":"https:\/\/www.dvgbund.de\/index.php?rest_route=\/wp\/v2\/pages"}],"about":[{"href":"https:\/\/www.dvgbund.de\/index.php?rest_route=\/wp\/v2\/types\/page"}],"author":[{"embeddable":true,"href":"https:\/\/www.dvgbund.de\/index.php?rest_route=\/wp\/v2\/users\/1"}],"replies":[{"embeddable":true,"href":"https:\/\/www.dvgbund.de\/index.php?rest_route=%2Fwp%2Fv2%2Fcomments&post=15"}],"version-history":[{"count":73,"href":"https:\/\/www.dvgbund.de\/index.php?rest_route=\/wp\/v2\/pages\/15\/revisions"}],"predecessor-version":[{"id":2158,"href":"https:\/\/www.dvgbund.de\/index.php?rest_route=\/wp\/v2\/pages\/15\/revisions\/2158"}],"wp:attachment":[{"href":"https:\/\/www.dvgbund.de\/index.php?rest_route=%2Fwp%2Fv2%2Fmedia&parent=15"}],"curies":[{"name":"wp","href":"https:\/\/api.w.org\/{rel}","templated":true}]}}