{"id":189,"date":"2019-05-22T19:15:27","date_gmt":"2019-05-22T19:15:27","guid":{"rendered":"https:\/\/cms.dvg-lsa.de\/?page_id=189"},"modified":"2021-03-13T11:02:04","modified_gmt":"2021-03-13T11:02:04","slug":"frauenleitung","status":"publish","type":"page","link":"https:\/\/www.dvgbund.de\/?page_id=189","title":{"rendered":"Bundesgesch\u00e4ftsstelle"},"content":{"rendered":"\n<pre class=\"wp-block-preformatted\">Deutsche Verwaltungs-Gewerkschaft Bund\nH\u00e4ndelstr. 38, 06114 Halle (Saale)\n\n<i class=\"wp-svg-phone phone\"><\/i> 0345\/575-4680\n<i class=\"wp-svg-drawer-2 drawer-2\"><\/i> 0345\/575-4681<\/pre>\n\n\n\n<p>Unsere Mitarbeitenden sind telefonisch f\u00fcr Sie am Montag und Mittwoch von 09:00 Uhr bis 13:00 Uhr zu erreichen.<\/p>\n\n\n\n<h2 class=\"wp-block-heading\">Bundesgesch\u00e4ftsf\u00fchrer<\/h2>\n\n\n\n<pre class=\"wp-block-preformatted\">Thomas L\u00f6we\n\nDeutsche Verwaltungs-Gewerkschaft Bund\nH\u00e4ndelstr. 38, 06114 Halle (Saale)\n\n<i class=\"wp-svg-phone phone\"><\/i> 0391\/7270294\n<i class=\"wp-svg-envelop envelop\"><\/i> <a href=\"mailto:bgst@dvgbund.de\">bgst@dvgbund.de<\/a><\/pre>\n\n\n\n<h2 class=\"wp-block-heading\">Anfahrt<\/h2>\n\n\n\n<p><strong><em>Zu erreichen mit \u00f6ffentlichen Verkehrsmitteln:<\/em><\/strong><\/p>\n\n\n\n<p>Linie 7 (Richtung Kr\u00f6llwitz) und Linie 12 (Richtung Trotha) vom Hauptbahnhof Halle (Saale) nehmen. Ausstieg an der Haltestelle \u201eReileck\u201c.<\/p>\n\n\n\n<p><strong><em>Mit dem Auto:<\/em><\/strong><\/p>\n\n\n\n<p>Von Magdeburg kommend die Ausfahrt Halle-Trotha nehmen und immer Richtung Zentrum fahren. Am Zoo gerade aus in die Reilstra\u00dfe. In der Reilstra\u00dfe \u00fcber das Reileck fahren und sofort in die erste Stra\u00dfe rechts einbiegen (an der Ecke befindet sich Joeys Pizza-Service).<\/p>\n\n\n\n<p>Parkfl\u00e4chen finden sich in der Stra\u00dfe. Aus allen anderen Richtungen die Ludwig-Wucherer-Stra\u00dfe links auf den M\u00fchlweg verlassen. Den M\u00fchlweg folgen (\u00fcber die Ampelkreuzung der Bernburger-Stra\u00dfe) bis Karl-Liebknecht-Stra\u00dfe. Dort mit der Parkplatzsuche anfangen, da die H\u00e4ndelstra\u00dfe als Einbahnstra\u00dfe von dort nicht eingefahren werden kann. Hinter der H\u00e4ndelstra\u00dfe finden sich noch Parkpl\u00e4tze, wenn man gleich rechts einbiegt. Ansonsten \u00fcber das Reileck in die H\u00e4ndelstra\u00dfe einbiegen.<\/p>\n\n\n\n<p><\/p>\n","protected":false},"excerpt":{"rendered":"<p>Deutsche Verwaltungs-Gewerkschaft Bund H\u00e4ndelstr. 38, 06114 Halle (Saale) 0345\/575-4680 0345\/575-4681 Unsere Mitarbeitenden sind telefonisch f\u00fcr Sie am Montag und Mittwoch von 09:00 Uhr bis 13:00 Uhr zu erreichen. Bundesgesch\u00e4ftsf\u00fchrer Thomas L\u00f6we Deutsche Verwaltungs-Gewerkschaft Bund H\u00e4ndelstr. 38, 06114 Halle (Saale) 0391\/7270294 bgst@dvgbund.de Anfahrt Zu erreichen mit \u00f6ffentlichen Verkehrsmitteln: Linie 7 (Richtung Kr\u00f6llwitz) und Linie 12 (Richtung &#8230; <a title=\"Bundesgesch\u00e4ftsstelle\" class=\"read-more\" href=\"https:\/\/www.dvgbund.de\/?page_id=189\" aria-label=\"Mehr Informationen \u00fcber Bundesgesch\u00e4ftsstelle\">Weiterlesen<\/a><\/p>\n","protected":false},"author":1,"featured_media":0,"parent":94,"menu_order":0,"comment_status":"closed","ping_status":"closed","template":"","meta":{"_mi_skip_tracking":false,"_monsterinsights_sitenote_active":false,"_monsterinsights_sitenote_note":"","_monsterinsights_sitenote_category":0,"footnotes":""},"class_list":["post-189","page","type-page","status-publish"],"aioseo_notices":[],"_links":{"self":[{"href":"https:\/\/www.dvgbund.de\/index.php?rest_route=\/wp\/v2\/pages\/189","targetHints":{"allow":["GET"]}}],"collection":[{"href":"https:\/\/www.dvgbund.de\/index.php?rest_route=\/wp\/v2\/pages"}],"about":[{"href":"https:\/\/www.dvgbund.de\/index.php?rest_route=\/wp\/v2\/types\/page"}],"author":[{"embeddable":true,"href":"https:\/\/www.dvgbund.de\/index.php?rest_route=\/wp\/v2\/users\/1"}],"replies":[{"embeddable":true,"href":"https:\/\/www.dvgbund.de\/index.php?rest_route=%2Fwp%2Fv2%2Fcomments&post=189"}],"version-history":[{"count":10,"href":"https:\/\/www.dvgbund.de\/index.php?rest_route=\/wp\/v2\/pages\/189\/revisions"}],"predecessor-version":[{"id":1001,"href":"https:\/\/www.dvgbund.de\/index.php?rest_route=\/wp\/v2\/pages\/189\/revisions\/1001"}],"up":[{"embeddable":true,"href":"https:\/\/www.dvgbund.de\/index.php?rest_route=\/wp\/v2\/pages\/94"}],"wp:attachment":[{"href":"https:\/\/www.dvgbund.de\/index.php?rest_route=%2Fwp%2Fv2%2Fmedia&parent=189"}],"curies":[{"name":"wp","href":"https:\/\/api.w.org\/{rel}","templated":true}]}}