{"id":490,"date":"2019-12-06T21:04:20","date_gmt":"2019-12-06T21:04:20","guid":{"rendered":"https:\/\/cms.dvg-lsa.de\/?page_id=490"},"modified":"2023-05-09T14:17:37","modified_gmt":"2023-05-09T14:17:37","slug":"kontakt","status":"publish","type":"page","link":"https:\/\/www.dvgbund.de\/?page_id=490","title":{"rendered":"Kontakt"},"content":{"rendered":"\n<p>Wir freuen uns \u00fcber Ihr Interesse an der DVG.<\/p>\n\n\n\n<p>So erreichen Sie uns:<\/p>\n\n\n\n<p>Per Briefpost:<\/p>\n\n\n\n<pre class=\"wp-block-preformatted\">Deutsche Verwaltungs-Gewerkschaft                       \nBundesgesch\u00e4ftsstelle                                                   \nH\u00e4ndelstra\u00dfe 38\n06114 Halle\/S.<\/pre>\n\n\n\n<p>Per Telefon:                                                                     <\/p>\n\n\n\n<pre class=\"wp-block-preformatted\">0345\/5754680<\/pre>\n\n\n\n<p>Per Telefax:                                                                       <\/p>\n\n\n\n<pre class=\"wp-block-preformatted\">0345\/5754681 <\/pre>\n\n\n\n<p>Per E-Mail: <\/p>\n\n\n\n<pre class=\"wp-block-preformatted\"><a href=\"mailto:bgst@dvgbund.de\">bgst@dvgbund.de<\/a><\/pre>\n\n\n\n<p>Bitte geben Sie bei allen Anfragen und Nachrichten Ihren Namen, Adresse, E-Mail-Adresse und Telefonnummer an, damit wir Ihre Anliegen schnell erledigen und Ihnen antworten k\u00f6nnen.<\/p>\n\n\n\n<p><strong>Bundesvorsitzender:  Joachim Johannes<\/strong><\/p>\n\n\n\n<p><strong>Bundesgesch\u00e4ftsf\u00fchrer: Thomas L\u00f6we<\/strong><\/p>\n\n\n\n<p><\/p>\n\n\n\n<p><\/p>\n","protected":false},"excerpt":{"rendered":"<p>Wir freuen uns \u00fcber Ihr Interesse an der DVG. So erreichen Sie uns: Per Briefpost: Deutsche Verwaltungs-Gewerkschaft Bundesgesch\u00e4ftsstelle H\u00e4ndelstra\u00dfe 38 06114 Halle\/S. Per Telefon: 0345\/5754680 Per Telefax: 0345\/5754681 Per E-Mail: bgst@dvgbund.de Bitte geben Sie bei allen Anfragen und Nachrichten Ihren Namen, Adresse, E-Mail-Adresse und Telefonnummer an, damit wir Ihre Anliegen schnell erledigen und Ihnen antworten &#8230; <a title=\"Kontakt\" class=\"read-more\" href=\"https:\/\/www.dvgbund.de\/?page_id=490\" aria-label=\"Mehr Informationen \u00fcber Kontakt\">Weiterlesen<\/a><\/p>\n","protected":false},"author":1,"featured_media":0,"parent":0,"menu_order":0,"comment_status":"closed","ping_status":"closed","template":"","meta":{"_mi_skip_tracking":false,"_monsterinsights_sitenote_active":false,"_monsterinsights_sitenote_note":"","_monsterinsights_sitenote_category":0,"footnotes":""},"class_list":["post-490","page","type-page","status-publish"],"aioseo_notices":[],"_links":{"self":[{"href":"https:\/\/www.dvgbund.de\/index.php?rest_route=\/wp\/v2\/pages\/490","targetHints":{"allow":["GET"]}}],"collection":[{"href":"https:\/\/www.dvgbund.de\/index.php?rest_route=\/wp\/v2\/pages"}],"about":[{"href":"https:\/\/www.dvgbund.de\/index.php?rest_route=\/wp\/v2\/types\/page"}],"author":[{"embeddable":true,"href":"https:\/\/www.dvgbund.de\/index.php?rest_route=\/wp\/v2\/users\/1"}],"replies":[{"embeddable":true,"href":"https:\/\/www.dvgbund.de\/index.php?rest_route=%2Fwp%2Fv2%2Fcomments&post=490"}],"version-history":[{"count":8,"href":"https:\/\/www.dvgbund.de\/index.php?rest_route=\/wp\/v2\/pages\/490\/revisions"}],"predecessor-version":[{"id":1593,"href":"https:\/\/www.dvgbund.de\/index.php?rest_route=\/wp\/v2\/pages\/490\/revisions\/1593"}],"wp:attachment":[{"href":"https:\/\/www.dvgbund.de\/index.php?rest_route=%2Fwp%2Fv2%2Fmedia&parent=490"}],"curies":[{"name":"wp","href":"https:\/\/api.w.org\/{rel}","templated":true}]}}