{"id":882,"date":"2020-03-04T21:54:20","date_gmt":"2020-03-04T21:54:20","guid":{"rendered":"https:\/\/cms.dvgbund.de\/?page_id=882"},"modified":"2021-03-13T18:32:09","modified_gmt":"2021-03-13T18:32:09","slug":"satzung-der-tarifkommission","status":"publish","type":"page","link":"https:\/\/www.dvgbund.de\/?page_id=882","title":{"rendered":"Satzung der Tarifkommission"},"content":{"rendered":"\r\n<h2 class=\"has-text-align-center wp-block-heading\">Satzung der DVG-Tarifkommission (TK)<\/h2>\r\n\r\n\r\n\r\n<p>Gem\u00e4\u00df \u00a7 18 Abs. 2 der Satzung der Deutschen Verwaltungs-Gewerkschaft (DVG) in<br>der vom Bundesgewerkschaftstag am 19. Juni 2015 in Bayreuth beschlossenen Fassung<br>gilt ab 14. November 2015 f\u00fcr die TK die folgende Satzung:<\/p>\r\n\r\n\r\n\r\n<p class=\"has-text-align-center\"><strong>\u00a71 Mitglieder<\/strong><\/p>\r\n\r\n\r\n\r\n<p>Die TK besteht aus je einem Vertreter oder einer Vertreterin der Mitgliedsgewerkschaften<br>der DVG. Die Benennung erfolgt durch die jeweilige Mitgliedsgewerkschaft<br>an die\/den Vorsitzende\/n der TK.<br>Der\/Die DVG-Bundesvorsitzende ist gem. \u00a7 18 Abs. 1 Satz 3 der DVG-Satzung<br>Mitglied der TK.<\/p>\r\n\r\n\r\n\r\n<p class=\"has-text-align-center\"><strong>\u00a72 Aufgaben, Zust\u00e4ndigkeiten<\/strong><\/p>\r\n\r\n\r\n\r\n<ol class=\"wp-block-list\"><li>Die TK koordiniert die Tarifpolitik der Mitgliedsgewerkschaften und damit der DVG. Sie beschlie\u00dft Empfehlungen an den DVG-Bundesvorstand in arbeits- und tarifrechtlichen Fragen. Insbesondere kann sie Forderungen zu den Tarifverhandlungen aufstellen.<\/li><li>Die TK ber\u00e4t auch alle Fragen im Zusammenhang mit Arbeitskampfma\u00dfnahmen und unterbreitet dem DVG-Bundesvorstand entsprechende Empfehlungen.<\/li><li>Gem\u00e4\u00df \u00a7 4 Abs. 1 der Arbeitskampfordnung der DVG ist die Tarifkommission die Streikleitung der DVG, die alle f\u00fcr eine ordnungsgem\u00e4\u00dfe Durchf\u00fchrung des Streiks notwendigen Ma\u00dfnahmen einleitet und \u00fcberwacht.<\/li><li>Die TK schl\u00e4gt dem DVG-Bundesvorstand ggf. weitere Vertreter der DVG f\u00fcr die Gremien der Bundestarifkommission des DBB Beamtenbund und Tarifunion (DBB) (z. B. Delegierte zum Gewerkschaftstag) unter Beachtung von Nr. \u00a74 Absatz 3 Satz 2 vor.<\/li><li>Die TK informiert den DVG-Bundesvorstand und den DVG Bundeshauptvorstand umfassend \u00fcber alle Angelegenheiten.<\/li><\/ol>\r\n\r\n\r\n\r\n<p class=\"has-text-align-center\"><strong>\u00a73 Arbeitsweise<\/strong><\/p>\r\n\r\n\r\n\r\n<ol class=\"wp-block-list\"><li>Die TK tritt grunds\u00e4tzlich zweimal j\u00e4hrlich zusammen.<\/li><li>Die Sitzungen sind nicht \u00f6ffentlich. Die TK kann f\u00fcr einzelne Tagesordnungspunkte oder f\u00fcr eine gesamte Sitzung die Teilnahme weiterer DVG-Mitglieder und G\u00e4ste beschlie\u00dfen.<\/li><li>Die beiden anderen stellvertretenden Bundesvorsitzenden und der Bundesgesch\u00e4ftsf\u00fchrer sind berechtigt, jederzeit mit beratender Stimme an den Sitzungen der TK teilzunehmen.<\/li><li>Zu den Sitzungen l\u00e4dt die\/der Vorsitzende sp\u00e4testens eine Woche vor Sitzungsbeginn per E-Mail unter Bekanntgabe der Tagesordnung, des Tagungsortes und des Tagungsbeginns ein, im Verhinderungsfall die\/der stellvertretende Vorsitzende\/r.<\/li><li>Die Sitzungen leitet die\/der Vorsitzende oder. sein(e) Stellvertreter\/-in.<\/li><li>\u00dcber die Sitzungen ist eine Niederschrift zu fertigen.<\/li><li>Die TK ist ohne R\u00fccksicht auf die Zahl der anwesenden Mitglieder beschlussf\u00e4hig, wenn zur Sitzung ordnungsgem\u00e4\u00df entsprechend Nr. 3.4 eingeladen wurde. Verhinderte Mitglieder k\u00f6nnen sich durch ein von ihrer Mitgliedsgewerkschaft autorisiertes Gewerkschaftsmitglied vertreten lassen.<\/li><li>Die TK beschlie\u00dft mit einfacher Mehrheit der abgegebenen Stimmen. Stimmenthaltungen gelten als nicht abgegebene Stimmen.<\/li><\/ol>\r\n\r\n\r\n\r\n<p class=\"has-text-align-center\"><strong>\u00a74 TK-Vorstand<\/strong><\/p>\r\n\r\n\r\n\r\n<ol class=\"wp-block-list\"><li>Die TK w\u00e4hlt aus ihrer Mitte eine\/n Vorsitzende\/n und eine\/n Stellvertreter\/in f\u00fcr einen Zeitraum, welcher der Amtszeit des BuVo entspricht. Diese sollen Tarifbesch\u00e4ftigte sein. Die Wahl findet grunds\u00e4tzlich im unmittelbaren Zusammenhang mit einem DVG-Bundesgewerkschaftstag und offen durch Handaufheben statt. Geheim ist zu w\u00e4hlen, sobald ein stimmberechtigtes Mitglied der Wahlversammlung dies verlangt. Die Wahl findet unter Leitung eines\/einer von der Wahlversammlung gew\u00e4hlten Wahlleiters\/-in statt. \u00dcber die Wahl ist eine Niederschrift anzufertigen, welche vom Wahlleiter\/der Wahlleiterin und dem\/der gew\u00e4hlten Vorsitzenden zu unterschreiben und in der Gesch\u00e4ftsstelle der DVG aufzubewahren ist.<\/li><li>Der Vorstand f\u00fchrt die laufenden Gesch\u00e4fte der TK und organisiert insbesondere die TK-Sitzungen.<\/li><li>Die\/Der Vorsitzende ist gem. \u00a7 13 Abs. 1 Buchst. c) der DVG-Satzung eine\/r der stellvertretenden Vorsitzenden der DVG und damit Mitglied des Bundesvorstandes. Sie\/Er vertritt die DVG au\u00dferdem in der Bundestarifkommission des DBB.<\/li><li>F\u00fcr den Fall der Verhinderung des\/der TK-Vorsitzenden f\u00fchrt der\/die Stellvertreter\/ in die laufenden Gesch\u00e4fte. Die Vertretung in den unter 4.3 genannten Gremien richtet sich nach den dort geltenden Vorschriften.<\/li><\/ol>\r\n\r\n\r\n\r\n<p class=\"has-text-align-center\"><strong>\u00a75 Reisekosten, Tagungsgeb\u00fchren<\/strong><\/p>\r\n\r\n\r\n\r\n<ol class=\"wp-block-list\"><li>Die Reisekosten anl\u00e4sslich von Sitzungen der TK tragen die entsendenden Mitgliedsgewerkschaften.<\/li><li>Die Reisekosten f\u00fcr die\/den Vorsitzende\/n gehen zu Lasten der DVG Bund. Das gilt auch im Vertretungsfall (s. Nr. 4.4). Tagungsgeb\u00fchren (Miete f\u00fcr Tagungsr\u00e4ume und Ausstattungsgegenst\u00e4nde) sowie Tagungsgetr\u00e4nke gehen ebenfalls zu Lasten der DVG Bund.<\/li><\/ol>\r\n\r\n\r\n\r\n<p>Beschlossen in der Sitzung der TK am 26.09.2015 in Stangerode.<br>Genehmigt durch den Bundeshauptvorstand am 14.11.2015 in Leipzig.<\/p>\r\n\r\n\r\n\r\n<h2 class=\"wp-block-heading\">Dokumente<\/h2>\r\n\r\n\r\n\r\n<div class=\"wp-block-file\"><a href=\"https:\/\/www.dvgbund.de\/wp-content\/uploads\/2021\/03\/Satzung-Tarifkommission-Beschlussexemplar-2015-09-26.pdf\">Satzung Tarifkommission<\/a><a href=\"https:\/\/www.dvgbund.de\/wp-content\/uploads\/2021\/03\/Satzung-Tarifkommission-Beschlussexemplar-2015-09-26.pdf\" class=\"wp-block-file__button\" download>Herunterladen<\/a><\/div>\r\n","protected":false},"excerpt":{"rendered":"<p>Satzung der DVG-Tarifkommission (TK) Gem\u00e4\u00df \u00a7 18 Abs. 2 der Satzung der Deutschen Verwaltungs-Gewerkschaft (DVG) inder vom Bundesgewerkschaftstag am 19. Juni 2015 in Bayreuth beschlossenen Fassunggilt ab 14. November 2015 f\u00fcr die TK die folgende Satzung: \u00a71 Mitglieder Die TK besteht aus je einem Vertreter oder einer Vertreterin der Mitgliedsgewerkschaftender DVG. Die Benennung erfolgt durch &#8230; <a title=\"Satzung der Tarifkommission\" class=\"read-more\" href=\"https:\/\/www.dvgbund.de\/?page_id=882\" aria-label=\"Mehr Informationen \u00fcber Satzung der Tarifkommission\">Weiterlesen<\/a><\/p>\n","protected":false},"author":1,"featured_media":0,"parent":199,"menu_order":0,"comment_status":"closed","ping_status":"closed","template":"","meta":{"_mi_skip_tracking":false,"_monsterinsights_sitenote_active":false,"_monsterinsights_sitenote_note":"","_monsterinsights_sitenote_category":0,"footnotes":""},"class_list":["post-882","page","type-page","status-publish"],"aioseo_notices":[],"_links":{"self":[{"href":"https:\/\/www.dvgbund.de\/index.php?rest_route=\/wp\/v2\/pages\/882","targetHints":{"allow":["GET"]}}],"collection":[{"href":"https:\/\/www.dvgbund.de\/index.php?rest_route=\/wp\/v2\/pages"}],"about":[{"href":"https:\/\/www.dvgbund.de\/index.php?rest_route=\/wp\/v2\/types\/page"}],"author":[{"embeddable":true,"href":"https:\/\/www.dvgbund.de\/index.php?rest_route=\/wp\/v2\/users\/1"}],"replies":[{"embeddable":true,"href":"https:\/\/www.dvgbund.de\/index.php?rest_route=%2Fwp%2Fv2%2Fcomments&post=882"}],"version-history":[{"count":3,"href":"https:\/\/www.dvgbund.de\/index.php?rest_route=\/wp\/v2\/pages\/882\/revisions"}],"predecessor-version":[{"id":1031,"href":"https:\/\/www.dvgbund.de\/index.php?rest_route=\/wp\/v2\/pages\/882\/revisions\/1031"}],"up":[{"embeddable":true,"href":"https:\/\/www.dvgbund.de\/index.php?rest_route=\/wp\/v2\/pages\/199"}],"wp:attachment":[{"href":"https:\/\/www.dvgbund.de\/index.php?rest_route=%2Fwp%2Fv2%2Fmedia&parent=882"}],"curies":[{"name":"wp","href":"https:\/\/api.w.org\/{rel}","templated":true}]}}