{"id":888,"date":"2020-03-04T22:08:27","date_gmt":"2020-03-04T22:08:27","guid":{"rendered":"https:\/\/cms.dvgbund.de\/?page_id=888"},"modified":"2021-04-10T21:48:07","modified_gmt":"2021-04-10T21:48:07","slug":"dvg-jugend-bund","status":"publish","type":"page","link":"https:\/\/www.dvgbund.de\/?page_id=888","title":{"rendered":"dvg-JUGEND Bund"},"content":{"rendered":"\n<blockquote class=\"wp-block-quote is-layout-flow wp-block-quote-is-layout-flow\"><p>\u201eOhne Jugend keine Zukunft-Keine Zukunft ohne Perspektiven\u201c<\/p><\/blockquote>\n\n\n\n<p>Die Bundesjungendleitung sieht Ihre Ausgabe als Vernetzung der einzelnen Landesjugendverb\u00e4nde und die Vertretung der Jugend im  Bundesvorstand. Hierzu treffen sich im Bundesjugendausschuss zweimal  j\u00e4hrlich die Landesjungendleiter um \u00fcber aktuelle Themen zu diskutieren.<\/p>\n\n\n\n<p>Der Bundesjugendausschuss plant eigene Aktionen, wie z.B. eine Brotdosenaktion zur Mitgliedergewinnung, tauscht sich \u00fcber  Veranstaltungen der einzelnen Verb\u00e4nde aus und \u00fcber die Sorgen und Probleme unserer jungen Mitglieder.<\/p>\n\n\n\n<p>Gemeinsam arbeiten wir daran, dass die Jugend wieder in allen Landesb\u00fcnden stark vertreten ist und wir neue motivierte Mitglieder gewinnen k\u00f6nnen.<\/p>\n\n\n\n<p>Durch regelm\u00e4\u00dfige Sitzungen und Treffen bleiben wir mit dem Erwachsenenverband in Verbindung und sorgen so daf\u00fcr, dass die Stimme  der Jugend auch im Bundesvorstand Geh\u00f6r findet.<\/p>\n\n\n\n<p>Solltet Ihr interessiert an der Arbeit der dvg-Jugend (Bund)  sein und Ihr habt von eurem Landesverband noch keine Einladung f\u00fcr den n\u00e4chsten Bundesjugendausschuss erhalten, dann wendet euch einfach per Mail an den Bundesjugendvorsitzenden.<\/p>\n\n\n\n<p>Unsere aktuellen Aktionen und Veranstaltungen findet Ihr auch immer auf unserer <a target=\"_blank\" href=\"https:\/\/www.facebook.com\/DVG-Jugend-Bund-1585085521757271\" rel=\"noreferrer noopener\">Facebook-Seite<\/a>.<\/p>\n","protected":false},"excerpt":{"rendered":"<p>\u201eOhne Jugend keine Zukunft-Keine Zukunft ohne Perspektiven\u201c Die Bundesjungendleitung sieht Ihre Ausgabe als Vernetzung der einzelnen Landesjugendverb\u00e4nde und die Vertretung der Jugend im Bundesvorstand. Hierzu treffen sich im Bundesjugendausschuss zweimal j\u00e4hrlich die Landesjungendleiter um \u00fcber aktuelle Themen zu diskutieren. Der Bundesjugendausschuss plant eigene Aktionen, wie z.B. eine Brotdosenaktion zur Mitgliedergewinnung, tauscht sich \u00fcber Veranstaltungen der &#8230; <a title=\"dvg-JUGEND Bund\" class=\"read-more\" href=\"https:\/\/www.dvgbund.de\/?page_id=888\" aria-label=\"Mehr Informationen \u00fcber dvg-JUGEND Bund\">Weiterlesen<\/a><\/p>\n","protected":false},"author":1,"featured_media":0,"parent":0,"menu_order":0,"comment_status":"closed","ping_status":"closed","template":"","meta":{"_mi_skip_tracking":false,"_monsterinsights_sitenote_active":false,"_monsterinsights_sitenote_note":"","_monsterinsights_sitenote_category":0,"footnotes":""},"class_list":["post-888","page","type-page","status-publish"],"aioseo_notices":[],"_links":{"self":[{"href":"https:\/\/www.dvgbund.de\/index.php?rest_route=\/wp\/v2\/pages\/888","targetHints":{"allow":["GET"]}}],"collection":[{"href":"https:\/\/www.dvgbund.de\/index.php?rest_route=\/wp\/v2\/pages"}],"about":[{"href":"https:\/\/www.dvgbund.de\/index.php?rest_route=\/wp\/v2\/types\/page"}],"author":[{"embeddable":true,"href":"https:\/\/www.dvgbund.de\/index.php?rest_route=\/wp\/v2\/users\/1"}],"replies":[{"embeddable":true,"href":"https:\/\/www.dvgbund.de\/index.php?rest_route=%2Fwp%2Fv2%2Fcomments&post=888"}],"version-history":[{"count":2,"href":"https:\/\/www.dvgbund.de\/index.php?rest_route=\/wp\/v2\/pages\/888\/revisions"}],"predecessor-version":[{"id":908,"href":"https:\/\/www.dvgbund.de\/index.php?rest_route=\/wp\/v2\/pages\/888\/revisions\/908"}],"wp:attachment":[{"href":"https:\/\/www.dvgbund.de\/index.php?rest_route=%2Fwp%2Fv2%2Fmedia&parent=888"}],"curies":[{"name":"wp","href":"https:\/\/api.w.org\/{rel}","templated":true}]}}