{"id":892,"date":"2020-03-04T22:08:27","date_gmt":"2020-03-04T22:08:27","guid":{"rendered":"https:\/\/cms.dvgbund.de\/?page_id=892"},"modified":"2020-03-05T20:56:08","modified_gmt":"2020-03-05T20:56:08","slug":"bundesjugendtag","status":"publish","type":"page","link":"https:\/\/www.dvgbund.de\/?page_id=892","title":{"rendered":"Bundesjugendtag"},"content":{"rendered":"\n<figure class=\"wp-block-image size-large is-resized\"><img loading=\"lazy\" decoding=\"async\" src=\"https:\/\/cms.dvgbund.de\/wp-content\/uploads\/2020\/03\/bundesjugendtag_2015.jpg\" alt=\"\" class=\"wp-image-919\" width=\"392\" height=\"197\" srcset=\"https:\/\/www.dvgbund.de\/wp-content\/uploads\/2020\/03\/bundesjugendtag_2015.jpg 392w, https:\/\/www.dvgbund.de\/wp-content\/uploads\/2020\/03\/bundesjugendtag_2015-300x151.jpg 300w\" sizes=\"auto, (max-width: 392px) 100vw, 392px\" \/><figcaption>Delegierte des Bundesjugendtages 2015; Foto: dvg-JUGEND<\/figcaption><\/figure>\n\n\n\n<p>Der Bundesjugendtag als h\u00f6chstes Gremium des dvg-Jugend tagt alle vier Jahre im Rahmen des Bundesgewerkschaftstages. Hier wird jeweils die Bundesjugendleitung gew\u00e4hlt und die grunds\u00e4tzliche Ausrichtung und  inhaltlichen Schwerpunkte f\u00fcr die n\u00e4chste Wahlperiode gelegt. Die Landesverb\u00fcnde entsenden Ihre Delegierten entsprechend Ihrer Mitgliederst\u00e4rke.<\/p>\n\n\n\n<p>Einige Themen waren:<\/p>\n\n\n\n<ul class=\"wp-block-list\"><li>\u00dcbernahme nach der Ausbildung in ein unbefristetes Vollzeitbesch\u00e4ftigungsverh\u00e4ltnis<\/li><li>Sonderurlaub f\u00fcr die Vorbereitung auf Zwischen und Abschlusspr\u00fcfungen<\/li><li>Unterst\u00fctzung bei den Wahlen zu Jugend- und Auszubildendenvertretungen<\/li><li>Bundesweite Anerkennung von Laufbahnbef\u00e4higung, wie z.B. Masterabschl\u00fcsse<\/li><li>Bundesweite Beschaffung von eigenen Werbemitteln<\/li><li>Sicherstellung des Nachwuchses im \u00f6ffentlichen Dienst<\/li><\/ul>\n","protected":false},"excerpt":{"rendered":"<p>Der Bundesjugendtag als h\u00f6chstes Gremium des dvg-Jugend tagt alle vier Jahre im Rahmen des Bundesgewerkschaftstages. Hier wird jeweils die Bundesjugendleitung gew\u00e4hlt und die grunds\u00e4tzliche Ausrichtung und inhaltlichen Schwerpunkte f\u00fcr die n\u00e4chste Wahlperiode gelegt. Die Landesverb\u00fcnde entsenden Ihre Delegierten entsprechend Ihrer Mitgliederst\u00e4rke. Einige Themen waren: \u00dcbernahme nach der Ausbildung in ein unbefristetes Vollzeitbesch\u00e4ftigungsverh\u00e4ltnis Sonderurlaub f\u00fcr die &#8230; <a title=\"Bundesjugendtag\" class=\"read-more\" href=\"https:\/\/www.dvgbund.de\/?page_id=892\" aria-label=\"Mehr Informationen \u00fcber Bundesjugendtag\">Weiterlesen<\/a><\/p>\n","protected":false},"author":1,"featured_media":0,"parent":888,"menu_order":0,"comment_status":"closed","ping_status":"closed","template":"","meta":{"_mi_skip_tracking":false,"_monsterinsights_sitenote_active":false,"_monsterinsights_sitenote_note":"","_monsterinsights_sitenote_category":0,"footnotes":""},"class_list":["post-892","page","type-page","status-publish"],"aioseo_notices":[],"_links":{"self":[{"href":"https:\/\/www.dvgbund.de\/index.php?rest_route=\/wp\/v2\/pages\/892","targetHints":{"allow":["GET"]}}],"collection":[{"href":"https:\/\/www.dvgbund.de\/index.php?rest_route=\/wp\/v2\/pages"}],"about":[{"href":"https:\/\/www.dvgbund.de\/index.php?rest_route=\/wp\/v2\/types\/page"}],"author":[{"embeddable":true,"href":"https:\/\/www.dvgbund.de\/index.php?rest_route=\/wp\/v2\/users\/1"}],"replies":[{"embeddable":true,"href":"https:\/\/www.dvgbund.de\/index.php?rest_route=%2Fwp%2Fv2%2Fcomments&post=892"}],"version-history":[{"count":2,"href":"https:\/\/www.dvgbund.de\/index.php?rest_route=\/wp\/v2\/pages\/892\/revisions"}],"predecessor-version":[{"id":920,"href":"https:\/\/www.dvgbund.de\/index.php?rest_route=\/wp\/v2\/pages\/892\/revisions\/920"}],"up":[{"embeddable":true,"href":"https:\/\/www.dvgbund.de\/index.php?rest_route=\/wp\/v2\/pages\/888"}],"wp:attachment":[{"href":"https:\/\/www.dvgbund.de\/index.php?rest_route=%2Fwp%2Fv2%2Fmedia&parent=892"}],"curies":[{"name":"wp","href":"https:\/\/api.w.org\/{rel}","templated":true}]}}