{"id":894,"date":"2020-03-04T22:08:27","date_gmt":"2020-03-04T22:08:27","guid":{"rendered":"https:\/\/www.dvgbund.de\/?page_id=894"},"modified":"2025-06-06T20:31:15","modified_gmt":"2025-06-06T19:31:15","slug":"satzung-der-dvg-jugend-bund","status":"publish","type":"page","link":"https:\/\/www.dvgbund.de\/?page_id=894","title":{"rendered":"Satzung der dvg-JUGEND Bund"},"content":{"rendered":"\n<h2 class=\"wp-block-heading has-text-align-center\"><strong>Satzung<br>der<br>Jugend der Deutschen Verwaltungs-Gewerkschaft (dvg-JUGEND)<br>in der Deutschen Beamtenbund-Jugend (DBB-J)<\/strong><\/h2>\n\n\n\n\n\n\n\n<pre class=\"wp-block-preformatted\"><br>in der vom Bundesjugendtag am 17. Mai 1984 beschlossenen Fassung, ge\u00e4ndert am <br>24. September 1992 in Homburg\/Saar, zuletzt ge\u00e4ndert am 18. Juni 2021 in Saarbr\u00fccken <br><br><br>Inhalts\u00fcbersicht<br><br>\u00a7 1\tName und Zusammensetzung<br>\u00a7 2\tSitz<br>\u00a7 3\tZweck<br>\u00a7 4\tOrgane<br>\u00a7 5\tBundesjugendtag<br>\u00a7 6\tAufgaben des Bundesjugendtages<br>\u00a7 7\tBundesjugendausschuss<br>\u00a7 8\tAufgaben des Bundesjugendausschusses<br>\u00a7 9\tBundesjugendleitung<br>\u00a7 10\tAufgaben der Bundesjugendleitung<br>\u00a7 11\tHaushaltsf\u00fchrung<br>\u00a7 12\tLandesjugendverb\u00e4nde<br>\u00a7 13\tBeschl\u00fcsse<br>\u00a7 14\tJugendvertreter<br>\u00a7 15\tKosten<br>\u00a7 16\tInkrafttreten<br><br><br><strong>\u00a7 1<br>Name und Zusammensetzung <br><\/strong><br>1.\t\t<br>Die Jugend der Deutschen Verwaltungs-Gewerkschaft (DVG) - nachfolgend dvg\u00ad JUGEND genannt - ist der Zusammenschluss der Landesjugendverb\u00e4nde der DVG. Zur Jugend der Mitgliedsverb\u00e4nde geh\u00f6ren deren jugendliche Mitglieder bis zur Vollendung des 30. Lebensjahres.<br><br>2.\t\t<br>Die dvg-JUGEND f\u00fchrt ein Jugend- und Gewerkschaftsleben nach eigener Ordnung mit selbst\u00e4ndiger Gesch\u00e4ftsf\u00fchrung in allen Fragen der Jugend- und Gewerkschaftsarbeit. Die Satzung der DVG ist f\u00fcr Sie verbindlich.<br><br>3.\tDie dvg-JUGEND ist Mitglied der DBB-J.<br><br><br><strong>\u00a7 2<br>Sitz<\/strong><br><br>Die dvg-JUGEND hat ihren Sitz am Wohnsitz des\/ der Vorsitzenden der dvg-JUGEND.<br><br><br><strong>\u00a7 3<br>Zweck<\/strong><br><br>1.\t\t<br>Die dvg-JUGEND hat die Aufgabe, die Interessen des Nachwuchses im \u00f6ffentlichen Dienst zu vertreten.  Insbesondere ist sie aufgerufen, alle Ma\u00dfnahmen f\u00fcr die Entwicklung der Jugend zu f\u00f6rdern. Hierzu geh\u00f6rt die Entwicklung zu einem mitdenkenden und mithandelnden kritischen Staatsb\u00fcrger. Die dvg-JUGEND f\u00f6rdert ferner die geistigen und kulturellen Interessen der Jugendlichen.<br><br>2.\t\t<br>Sie widmet sich der politischen Bildung, der internationalen Jugendbewegung und der jugendpflegerischen Arbeit. Als berufsbezogener Jugendverband hat die dvg-JUGEND weiter die Aufgabe, berufs- und verbandspolitische Aktionen durchzuf\u00fchren. Sie wirkt mit bei der Fortentwicklung eines zeitgerechten \u00f6ffentlichen Dienstes, insbesondere des Berufsbeamtentums, unter besonderer Ber\u00fccksichtigung der Belange der jugendlichen Bediensteten.<br><br>3.\t<br>Die dvg-JUGEND bekennt sich zu den Menschenrechtskonventionen und zur freiheitlichen demokratischen Grundordnung im Sinne des Grundgesetzes f\u00fcr die Bundesrepublik Deutschland. Sie ist berechtigt und verpflichtet, zu gesellschaftlichen und politischen Fragen Stellung zu beziehen.<br>Die dvg-JUGEND wendet sich gegen alle Bestrebungen einzelner Gruppen oder staatlicher Organe, die eine Beeintr\u00e4chtigung oder gar Beseitigung dieser Ordnung zum Ziele haben.<br><br>4.\tDie dvg-JUGEND ist parteipolitisch und konfessionell neutral.<br><br><br><strong>\u00a7 4<br>Organe<\/strong><br><br>Die Organe der dvg-JUGEND sind: <br>1.\tDer Bundesjugendtag<br>2.\tDer Bundesjugendausschuss<br>3.\tDie Bundesjugendleitung<br><br><br><strong>\u00a7 5<br>Bundesjugendtag<\/strong><br><br>1.\t<br>Der Bundesjugendtag ist das oberste Orga n der dvg-JUGEND.<br>Er besteht aus dem Bundesjugendausschuss und den Vertretern der Landesjugendverb\u00e4nde   mit mehr als 50 Einzelmitgliedern.  Er findet jeweils  <br>vor dem Vertretertag der Deutschen Verwaltungs-Gewerkschaft statt.<br><br>2.\t<br>Bei Landesjugendverb\u00e4nden mit mehr als 50 Mitgliedern entf\u00e4llt auf je angefangen100 Mitglieder ein Vertreter. Ma\u00dfgeblich f\u00fcr die Berechnung der Zahl der Vertreter ist die Meldung der Einzelmitglieder zum 31. Dezember des Vorjahres durch die Landesjugendverb\u00e4nde.<br><br>3.\t<br>Die Wahrnehmung mehrerer Stimmrechte durch einen Vertreter ist mit schriftlicher Vollmacht des entsendenden Landesjugendverbandes zul\u00e4ssig.<br><br>4.\t<br>Zeit, Ort und Tagesordnung sowie die eingegangenen Antr\u00e4ge hat die Bundesjugendleitung mindestens 4 Wochen vorher den Landesjugendverb\u00e4nden bekannt zu geben. Eine Voranzeige ist drei Monate vor dem Bundesjugendtag zu ver\u00f6ffentlichen.<br><br>5.\t<br>Antr\u00e4ge an den Bundesjugendtag k\u00f6nnen von den Organen und den Mitgliedsverb\u00e4nden gestellt werden. Sie sind sp\u00e4testens 8 Wochen vor dem Bundesjugendtag schriftlich beim Vorsitzenden der dvg-JUGEND einzubringen.<br><br>6.\t<br>\u00dcber die Behandlung versp\u00e4tet eingegangener Antr\u00e4ge und Dringlichkeitsantr\u00e4ge entscheidet der Bundesjugendtag.<br><br>7.\t<br>Der ordnungsgem\u00e4\u00df und fristgerecht einberufene Bundesjugendtag ist immer beschlussf\u00e4hig. Bei Abstimmungen entscheidet die einfache Mehrheit. Stimmengleichheit bedeutet Ablehnung.<br><br>8.\tDer Bundesjugendtag gibt sich eine Gesch\u00e4ftsordnung.<br><br><br><strong>\u00a7 6<br>Aufgaben des Bundesjugendtages<\/strong><br><br>Der Bundesjugendtag hat insbesondere folgende Aufgaben:<br><br>1.\tFestlegung der Richtlinien f\u00fcr die Arbeit der dvg-JUGEND und F\u00f6rderung des                <br>        Erfahrungsaustausches der Landesjugendverb\u00e4nde untereinander,<br>2.\tEntgegennahme des Gesch\u00e4fts- und Haushaltsberichtes,<br>3.\tErteilung der Entlastung des Bundesjugendausschusses und der Bundesjugendleitung,<br>4.\tWahl der Bundesjugendleitung,<br>5.\tBeschlussfassung \u00fcber Satzungs\u00e4nderungen,<br>6.\tBehandlung der vorliegenden Antr\u00e4ge und Entschlie\u00dfungen.<br><br><br><strong>\u00a7 7<br>Bundesjugendausschuss<\/strong><br><br>1.\t\t<br>Der Bundesjugendausschuss besteht aus der Bundesjugendleitung der dvg\u00ad JUGEND und den Vorsitzenden der Landesjugendverb\u00e4nde oder deren Vertreter.<br><br>2.\t\t<br>Er tagt mindestens einmal j\u00e4hrlich. Er muss zusammentreten, wenn es mindestens drei Landesjugendverb\u00e4nde beantragen.<br><br>3. \t<br>Sitzungen und Beschl\u00fcsse des Bundesjugendausschusses k\u00f6nnen alternativ auch im schriftlichen Umlaufverfahren oder als Telefon \u2013 und Videokonferenz durch-gef\u00fchrt und gefasst werden.<br><br><strong><br>\u00a7 8<br>Aufgaben des Bundesjugendausschusses<\/strong><br><br>Der Bundesjugendausschuss hat folgende Aufgaben:<br>1.\tBehandlung aller Fragen der Jugend- und Organisationsarbeit,<br>2.\tGenehmigung des Haushaltsplanes f\u00fcr das Rechnungsjahr,<br>3.\tBehandlung der vorliegenden Antr\u00e4ge,<br>4.\tAusf\u00fchrung der Beschl\u00fcsse des Bundesjugendtages.<br><br><br><strong>\u00a7 9<br>Bundesjugendleitung<br><\/strong><br>1. \t<br>Die Bundesjugendleitung der dvg-JUGEND besteht aus dem Vorsitzenden (Bundesjugendleiter) und zwei stellvertretenden Vorsitzenden.<br><br>2. \t<br>Im Falle des Ausscheidens der\/des Vorsitzenden der dvg-JUGEND w\u00e4hlt der BJA eine\/n stellvertretenden Bundesjugendleiter\/in zum\/zur Nachfolger\/in. Steht hierf\u00fcr kein\/e stellvertretende\/r Vorsitzende\/r zur Verf\u00fcgung, so w\u00e4hlt der Bundesjugendausschuss aus seiner Mitte den\/die Bundesjugendleiter\/in. Scheidet ein anderes Mitglied der Bundesjugendleitung aus seinem Amt aus, so w\u00e4hlt der Bundesjugendausschuss aus seiner Mitte eine\/n Nachfolger\/in.<br><br>Stellt sich f\u00fcr die Nachfolge des\/der Bundesjugendleiters\/leiterin oder f\u00fcr die Nachfolge eines anderen Mitglieds der Bundesjugendleitung kein Mitglied des Bundesjugendausschusses zur Verf\u00fcgung, kann der Bundesjugendausschuss ein anderes Mitglied der dvg-JUGEND w\u00e4hlen.<br><br>Die Amtszeit der vom Bundesjugendausschuss gew\u00e4hlten Mitglieder der Bundesjugendleitung endet mit der Neuwahl der Bundesjugendleitung durch den Bundesjugendtag.<br><br><br><strong>\u00a7 10<br>Aufgaben der Bundesjugendleitung<\/strong><br><br>1.\t<br>Die Bundesjugendleitung vollzieht die Beschl\u00fcsse des Bundesjugendtages und des Bundesjugendausschusses. Sie hat alle Aufgaben wahrzunehmen, f\u00fcr die nicht der Bundesjugendtag und der Bundesjugendausschuss zust\u00e4ndig sind. Die Bundesjugendleitung kann die Erledigung bestimmter Aufgaben auf nicht der Bundesjugendleitung angeh\u00f6rende Mitglieder des Bundesjugendausschusses \u00fcbertragen.<br><br>2.\t<br>Die laufenden Gesch\u00e4fte werden vom Vorsitzenden wahrgenommen.   Die Aufgaben der Gesch\u00e4ftsf\u00fchrung k\u00f6nnen aber auch einem der beiden stellvertretenden Vorsitzenden oder einem Mitglied des Bundesjugendausschusses \u00fcbertragen werden.<br><br>3.\t<br>Der Vorsitzende vertritt die dvg-JUGEND gegen\u00fcber der Deutschen Verwaltungs-Gewerkschaft und nach au\u00dfen.<br><br>4.\t<br>Sitzungen und Beschl\u00fcsse der Bundesjugendleitung k\u00f6nnen alternativ auch im <br>schriftlichen Umlaufverfahren oder als Telefon \u2013 und Videokonferenz durchgef\u00fchrt und gefasst werden.<br><br><br><strong>\u00a7 11<br>Haushaltsf\u00fchrung<\/strong><br><br>Soweit der dvg-JUGEND finanzielle Mittel zur Verf\u00fcgung stehen, verwendet sie diese Mittel in eigener Verantwortung und legt f\u00fcr deren Verwendung rechtzeitig einen Verwendungsplan vor.<br><br><br><strong>\u00a7 12<br>Landesjugendverb\u00e4nde<br><\/strong><br>1.\t<br>Die praktische Jugendarbeit wird haupts\u00e4chlich in den Jugendgruppen der Landesjugendverb\u00e4nde geleistet.,<br><br>2.\t\t<br>Die Landesjugendverb\u00e4nde\tm\u00fcssen\tnach   demokratischen\tGrunds\u00e4tzen organisiert sein.<br><br><br><strong>\u00a7 13<br>Beschl\u00fcsse<\/strong><br><br>1.\t\t<br>Die Organe der dvg-JUGEND\tbeschlie\u00dfen mit Stimmenmehrheit\tder Anwesenden.<br>Bei Stimmengleichheit gilt ein Antrag als abgelehnt.<br><br>2.\t\t<br>F\u00fcr Satzungs\u00e4nderungen ist eine Zweidrittelmehrheit des Bundesjugendtages erforderlich.<br><br>3.\t\tGew\u00e4hlt ist, wer die einfache Mehrheit der abgegebenen Stimmen auf sich vereinigt.<br><br><br><strong>\u00a7 14<br>Jugendvertreter<\/strong><br><br>Die Jugendvertreter der dvg-JUGEND (Gruppenleiter, Mitglieder der Landesjugendleitung oder Bundesjugendleitung, der Jugendaussch\u00fcsse u.\u00e4.) k\u00f6nnen \u00e4lter als 30 Jahre sein.<br><br><br><strong>\u00a7 15<br>Kosten<\/strong><br><br>1.\t<br>Die Reisekosten anl\u00e4sslich des Bundesjugendtages und der Sitzungen des Bundesjugendausschusses tragen die entsendenden Landesjugendverb\u00e4nde. \u00dcber Ausnahmen entscheidet der Bundeshauptvorstand der DVG.<br><br>2. Die sonstigen Kosten tr\u00e4gt die Deutsche Verwaltungs-Gewerkschaft.<br><br><br><strong>\u00a7 16<br>Inkrafttreten<br><\/strong><br>Die Satzung tritt, nach Genehmigung durch den Bundeshauptvorstand der DVG, mit ihrer Beschlussfassung in Kraft.<br><br><br><strong><em>Der DVG Bundeshauptvorstand hat am 13. Mai 2022 die am 18. Juni 2021 ge\u00e4nderte Satzung der dvg-JUGEND Bund genehmigt.<\/em><\/strong><\/pre>\n\n\n\n<h2 class=\"wp-block-heading\">Dokument<\/h2>\n\n\n\n<div class=\"wp-block-file\"><a id=\"wp-block-file--media-c2ab469a-975a-43e5-bd11-ab6f02c0c7ae\" href=\"https:\/\/www.dvgbund.de\/wp-content\/uploads\/2025\/06\/Satzung-der-dvg-JUGEND-Bund-Beschlussstand-2021-06-18.pdf\">Satzung der dvg-JUGEND Bund Beschlussstand 2021-06-18<\/a><a href=\"https:\/\/www.dvgbund.de\/wp-content\/uploads\/2025\/06\/Satzung-der-dvg-JUGEND-Bund-Beschlussstand-2021-06-18.pdf\" class=\"wp-block-file__button wp-element-button\" download aria-describedby=\"wp-block-file--media-c2ab469a-975a-43e5-bd11-ab6f02c0c7ae\">Herunterladen<\/a><\/div>\n","protected":false},"excerpt":{"rendered":"<p>SatzungderJugend der Deutschen Verwaltungs-Gewerkschaft (dvg-JUGEND)in der Deutschen Beamtenbund-Jugend (DBB-J) in der vom Bundesjugendtag am 17. Mai 1984 beschlossenen Fassung, ge\u00e4ndert am 24. September 1992 in Homburg\/Saar, zuletzt ge\u00e4ndert am 18. Juni 2021 in Saarbr\u00fccken Inhalts\u00fcbersicht\u00a7 1 Name und Zusammensetzung\u00a7 2 Sitz\u00a7 3 Zweck\u00a7 4 Organe\u00a7 5 Bundesjugendtag\u00a7 6 Aufgaben des Bundesjugendtages\u00a7 7 Bundesjugendausschuss\u00a7 8 Aufgaben &#8230; <a title=\"Satzung der dvg-JUGEND Bund\" class=\"read-more\" href=\"https:\/\/www.dvgbund.de\/?page_id=894\" aria-label=\"Mehr Informationen \u00fcber Satzung der dvg-JUGEND Bund\">Weiterlesen<\/a><\/p>\n","protected":false},"author":1,"featured_media":0,"parent":888,"menu_order":0,"comment_status":"closed","ping_status":"closed","template":"","meta":{"_mi_skip_tracking":false,"_monsterinsights_sitenote_active":false,"_monsterinsights_sitenote_note":"","_monsterinsights_sitenote_category":0,"footnotes":""},"class_list":["post-894","page","type-page","status-publish"],"aioseo_notices":[],"_links":{"self":[{"href":"https:\/\/www.dvgbund.de\/index.php?rest_route=\/wp\/v2\/pages\/894","targetHints":{"allow":["GET"]}}],"collection":[{"href":"https:\/\/www.dvgbund.de\/index.php?rest_route=\/wp\/v2\/pages"}],"about":[{"href":"https:\/\/www.dvgbund.de\/index.php?rest_route=\/wp\/v2\/types\/page"}],"author":[{"embeddable":true,"href":"https:\/\/www.dvgbund.de\/index.php?rest_route=\/wp\/v2\/users\/1"}],"replies":[{"embeddable":true,"href":"https:\/\/www.dvgbund.de\/index.php?rest_route=%2Fwp%2Fv2%2Fcomments&post=894"}],"version-history":[{"count":13,"href":"https:\/\/www.dvgbund.de\/index.php?rest_route=\/wp\/v2\/pages\/894\/revisions"}],"predecessor-version":[{"id":2381,"href":"https:\/\/www.dvgbund.de\/index.php?rest_route=\/wp\/v2\/pages\/894\/revisions\/2381"}],"up":[{"embeddable":true,"href":"https:\/\/www.dvgbund.de\/index.php?rest_route=\/wp\/v2\/pages\/888"}],"wp:attachment":[{"href":"https:\/\/www.dvgbund.de\/index.php?rest_route=%2Fwp%2Fv2%2Fmedia&parent=894"}],"curies":[{"name":"wp","href":"https:\/\/api.w.org\/{rel}","templated":true}]}}