{"id":931,"date":"2020-03-05T20:53:03","date_gmt":"2020-03-05T20:53:03","guid":{"rendered":"https:\/\/cms.dvgbund.de\/?page_id=931"},"modified":"2026-01-31T23:46:23","modified_gmt":"2026-01-31T22:46:23","slug":"satzung-der-bundesseniorenvertretung","status":"publish","type":"page","link":"https:\/\/www.dvgbund.de\/?page_id=931","title":{"rendered":"Satzung der Bundesseniorenvertretung"},"content":{"rendered":"\n<h2 class=\"wp-block-heading has-text-align-center\">Satzung<br>f\u00fcr die Bundesseniorenvertretung<br>der Deutschen Verwaltungs-Gewerkschaft (DVG)<br>(Bundesseniorenvertretung)<\/h2>\n\n\n\n<p class=\"has-text-align-center\"><strong>\u00a7 1<br>ZWECK UND AUFGABE<\/strong><\/p>\n\n\n\n<ol class=\"wp-block-list\">\n<li>Die Bundesseniorenvertretung vertritt die besonderen gewerkschafts- und gesellschaftspolitischen Interessen der Versorgungsempf\u00e4nger\/ Versorgungsempf\u00e4ngerinnen, Rentner\/Rentnerinnen und der Hinterbliebenen innerhalb der DVG auf Bundesebene.<\/li>\n\n\n\n<li>Die Bundesseniorenvertretung arbeitet dazu auch mit der Bundesseniorenvertretung des dbb und anderen Seniorenorganisationen zusammen.<\/li>\n<\/ol>\n\n\n\n<p class=\"has-text-align-center\"><br><strong>\u00a7 2<br>MITGLIEDSCHAFT<\/strong><\/p>\n\n\n\n<ol class=\"wp-block-list\">\n<li>Mitglieder der Bundesseniorenvertretung sind die Seniorenvertreter\/Seniorenvertreterinnen der Mitgliedsgewerkschaften der DVG, die Ruhestandsbeamte\/Ruhestandsbeamtinnen, Rentner\/ Rentnerinnen bzw. Hinterbliebene mit eigener Struktur organisieren.<\/li>\n\n\n\n<li>Mitgliedsgewerkschaften der DVG, die Ruhestandsbeamtinnen\/Ruhestandsbeamte, Rentner\/ Rentnerinnen bzw. Hinterbliebene nicht mit eigener Struktur organisieren, k\u00f6nnen eine Vertreterin\/einen Vertreter ohne Stimmrecht in die Bundesseniorenvertretung entsenden.<\/li>\n<\/ol>\n\n\n\n<p class=\"has-text-align-center\"><br><strong>\u00a7 3<br>VORSTAND<\/strong><\/p>\n\n\n\n<ol class=\"wp-block-list\">\n<li>Die Bundesseniorenvertretung w\u00e4hlt aus ihrer Mitte einen Vorstand.<\/li>\n\n\n\n<li>Mit der Neuwahl endet die Amtszeit des bisherigen Vorstandes.<\/li>\n\n\n\n<li>Der Vorstand besteht aus:\n<ol class=\"wp-block-list\">\n<li>dem\/der Vorsitzenden,<\/li>\n\n\n\n<li>zwei stellvertretenden Vorsitzenden. Die Mitglieder des Vorstandes sollen die verschiedenen Altersversorgungsbereiche repr\u00e4sentieren.<\/li>\n<\/ol>\n<\/li>\n\n\n\n<li>Scheidet ein Mitglied des Vorstandes w\u00e4hrend der Amtszeit aus, erfolgt die Nachwahl auf der n\u00e4chsten Sitzung der Bundesseniorenvertretung.<\/li>\n<\/ol>\n\n\n\n<p class=\"has-text-align-center\"><br><strong>\u00a7 4<br>AUFGABEN DES VORSTANDES<\/strong><\/p>\n\n\n\n<ol class=\"wp-block-list\">\n<li>Der Vorstand f\u00fchrt die laufenden Gesch\u00e4fte der Bundesseniorenvertretung.<\/li>\n\n\n\n<li>Die oder der Vorsitzende der Bundesseniorenvertretung ist Mitglied des Bundeshauptvorstandes der DVG.<\/li>\n\n\n\n<li>Die oder der Vorsitzende der Bundesseniorenvertretung vertritt die DVG in der Bundesseniorenvertretung des dbb beamtenbund und tarifunion.<\/li>\n\n\n\n<li>Im Verhinderungsfall wird die oder der Vorsitzende der Bundesseniorenvertretung durch eine stellvertretende Vorsitzende \/ einen stellvertretenden Vorsitzenden vertreten.<\/li>\n<\/ol>\n\n\n\n<p class=\"has-text-align-center\"><br><strong>\u00a7 5<br>SITZUNGEN<\/strong><\/p>\n\n\n\n<ol class=\"wp-block-list\">\n<li>Die Bundesseniorenvertretung tritt mindestens einmal j\u00e4hrlich zusammen.Eine Sitzung im Rahmen eines Gewerkschaftstages Ist unzul\u00e4ssig.<\/li>\n\n\n\n<li>Zu den Sitzungen l\u00e4dt die oder der Vorsitzende der Bundesseniorenvertretung rechtzeitig ein. Im Verhinderungsfalle l\u00e4dt eine stellvertretende Vorsitzende \/ ein stellvertretender Vorsitzender ein.Alternativ k\u00f6nnen Sitzungen auch als Telefon- und Videokonferenz durchgef\u00fchrt werden.<\/li>\n\n\n\n<li>Die Sitzungen der Bundesseniorenvertretung sind nicht \u00f6ffentlich. Die Bundesseniorenvertretung kann f\u00fcr einzelne Tagesordnungspunkte die Teilnahme von G\u00e4sten beschlie\u00dfen.<\/li>\n\n\n\n<li>Die Mitglieder des DVG-Bundesvorstandes sind berechtigt, jederzeit an den Sitzungen der Bundesseniorenvertretung teilzunehmen.<\/li>\n\n\n\n<li>Die Sitzungen der Bundesseniorenvertretung werden von ihrer Vorsitzenden \/ ihrem Vorsitzenden geleitet.<\/li>\n\n\n\n<li>Die Bundesseniorenvertretung ist bei ordnungsgem\u00e4\u00dfer Einladung immer beschlussf\u00e4hig. Verhinderte Mitglieder k\u00f6nnen sich durch ein von ihrer Mitgliedsgewerkschaft autorisiertes Mitglied vertreten lassen.<\/li>\n\n\n\n<li>Die Bundesseniorenvertretung fasst ihre Beschl\u00fcsse mit einfacher Mehrheit. Enthaltungen gelten als nicht abgegebene Stimmen. Auf Antrag eines Mitgliedes erfolgt geheime Abstimmung. Alternativ k\u00f6nnen Sitzungen auch als Telefon- und Videokonferenz durchgef\u00fchrt werden.<\/li>\n\n\n\n<li>\u00dcber die Sitzungen ist eine Niederschrift zu fertigen. Eine Ausfertigung der Niederschrift ist in der Bundesgesch\u00e4ftsstelle zu hinterlegen.<\/li>\n<\/ol>\n\n\n\n<p class=\"has-text-align-center\"><br><strong>\u00a7 6<br>KOSTEN<\/strong><\/p>\n\n\n\n<ol class=\"wp-block-list\">\n<li>Die Reisekosten einschlie\u00dflich \u00dcbernachtung und Tagungspauschalen anl\u00e4sslich der Sitzungen der Bundesseniorenvertretung tragen die entsendenden Mitgliedsgewerkschaften. Die Tagungskosten \u00fcbernimmt die DVG Bund.<\/li>\n\n\n\n<li>Die erforderlichen Kosten f\u00fcr die Mitglieder des Vorstandes und sonstige Kosten tr\u00e4gt die DVG.<\/li>\n<\/ol>\n\n\n\n<p class=\"has-text-align-center\"><br><strong>\u00a7 7<br>SCHLUSS- UND \u00dcBERGANGSBESTIMMUNGEN<\/strong><\/p>\n\n\n\n<ol class=\"wp-block-list\">\n<li>Soweit nicht in dieser Satzung geregelt, gelten die Satzungs- und Gesch\u00e4ftsordnungsbestimmungen der DVG sinngem\u00e4\u00df.<\/li>\n\n\n\n<li>Diese Satzung beruht auf dem Beschluss der konstituierenden Sitzung der Bundesseniorenvertretung am 6 .November 2015 und ge\u00e4ndert auf der Sitzung der DVG Bundesseniorenvertretung am 24.\/25. August 2022<\/li>\n\n\n\n<li>Diese Satzung tritt am Tag der Genehmigung durch den Bundeshauptvorstand der DVG in Kraft.<\/li>\n<\/ol>\n\n\n\n<p>Genehmigt durch den Bundeshauptvorstand am 28. Oktober 2022.<\/p>\n\n\n\n<h2 class=\"wp-block-heading\">Dokumente<\/h2>\n\n\n\n<div class=\"wp-block-file\"><a id=\"wp-block-file--media-860ef345-7d37-4a5e-8e6f-7902e77e91fe\" href=\"https:\/\/www.dvgbund.de\/wp-content\/uploads\/_pda\/2026\/01\/Satzung-Bundesseniorenvertretung-Beschlussexemplar-2022-08-24-25-1.pdf\">Satzung Bundesseniorenvertretung Beschlussexemplar 2022-08-24-25<\/a><a href=\"https:\/\/www.dvgbund.de\/wp-content\/uploads\/_pda\/2026\/01\/Satzung-Bundesseniorenvertretung-Beschlussexemplar-2022-08-24-25-1.pdf\" class=\"wp-block-file__button wp-element-button\" download aria-describedby=\"wp-block-file--media-860ef345-7d37-4a5e-8e6f-7902e77e91fe\">Herunterladen<\/a><\/div>\n","protected":false},"excerpt":{"rendered":"<p>Satzungf\u00fcr die Bundesseniorenvertretungder Deutschen Verwaltungs-Gewerkschaft (DVG)(Bundesseniorenvertretung) \u00a7 1ZWECK UND AUFGABE \u00a7 2MITGLIEDSCHAFT \u00a7 3VORSTAND \u00a7 4AUFGABEN DES VORSTANDES \u00a7 5SITZUNGEN \u00a7 6KOSTEN \u00a7 7SCHLUSS- UND \u00dcBERGANGSBESTIMMUNGEN Genehmigt durch den Bundeshauptvorstand am 28. Oktober 2022. Dokumente<\/p>\n","protected":false},"author":1,"featured_media":0,"parent":196,"menu_order":0,"comment_status":"closed","ping_status":"closed","template":"","meta":{"_mi_skip_tracking":false,"_monsterinsights_sitenote_active":false,"_monsterinsights_sitenote_note":"","_monsterinsights_sitenote_category":0,"footnotes":""},"class_list":["post-931","page","type-page","status-publish"],"aioseo_notices":[],"_links":{"self":[{"href":"https:\/\/www.dvgbund.de\/index.php?rest_route=\/wp\/v2\/pages\/931","targetHints":{"allow":["GET"]}}],"collection":[{"href":"https:\/\/www.dvgbund.de\/index.php?rest_route=\/wp\/v2\/pages"}],"about":[{"href":"https:\/\/www.dvgbund.de\/index.php?rest_route=\/wp\/v2\/types\/page"}],"author":[{"embeddable":true,"href":"https:\/\/www.dvgbund.de\/index.php?rest_route=\/wp\/v2\/users\/1"}],"replies":[{"embeddable":true,"href":"https:\/\/www.dvgbund.de\/index.php?rest_route=%2Fwp%2Fv2%2Fcomments&post=931"}],"version-history":[{"count":5,"href":"https:\/\/www.dvgbund.de\/index.php?rest_route=\/wp\/v2\/pages\/931\/revisions"}],"predecessor-version":[{"id":4353,"href":"https:\/\/www.dvgbund.de\/index.php?rest_route=\/wp\/v2\/pages\/931\/revisions\/4353"}],"up":[{"embeddable":true,"href":"https:\/\/www.dvgbund.de\/index.php?rest_route=\/wp\/v2\/pages\/196"}],"wp:attachment":[{"href":"https:\/\/www.dvgbund.de\/index.php?rest_route=%2Fwp%2Fv2%2Fmedia&parent=931"}],"curies":[{"name":"wp","href":"https:\/\/api.w.org\/{rel}","templated":true}]}}