{"id":94,"date":"2019-03-31T20:24:03","date_gmt":"2019-03-31T20:24:03","guid":{"rendered":"https:\/\/cms.dvg-lsa.de\/?page_id=94"},"modified":"2020-02-26T22:29:01","modified_gmt":"2020-02-26T22:29:01","slug":"ueber-uns","status":"publish","type":"page","link":"https:\/\/www.dvgbund.de\/?page_id=94","title":{"rendered":"DVG Bund"},"content":{"rendered":"\n<p>Die Deutsche Verwaltungs-Gewerkschaft (DVG) ist die Bundesfachgewerkschaft im Deutschen Beamtenbund und Tarifunion (dbb) f\u00fcr alle Besch\u00e4ftigten der allgemeinen und inneren Verwaltung der  L\u00e4nder. In der gewerkschaftlichen Tagesarbeit und in der Auseinandersetzung mit gewerkschaftlicher Konkurrenz kann die DVG mit  ihren  Mitgliedsgewerkschaften mit Fug und Recht darauf verweisen, dass  sie mit die  auf die allgemeine und innere Verwaltung der L\u00e4nder spezialisierte Fachgewerkschaft ist. Entsprechend stark ist ihre Pr\u00e4senz in den Personalvertretungen.<\/p>\n\n\n\n<p>Im Zusammenwirken mit dem dbb verfolgt sie die Berufsinteressen ihrer Mitglieder. Die DVG ist der Zusammenschluss der in den Bundesl\u00e4ndern bestehenden selbst\u00e4ndigen Mitgliedsgewerkschaften des Verwaltungsdienstes zu einem gewerkschaftlichen Bundesfachverband.<\/p>\n\n\n\n<p>Die Mitgliedsgewerkschaften der DVG, die Besch\u00e4ftigte organisieren, geh\u00f6ren \u00fcber die dbb tarifunion der Tarifgemeinschaft f\u00fcr den \u00f6ffentlichen Dienst an, die anerkannte Tarifpartner der  \u00f6ffentlichen Arbeitgeber sind.<br>Seit nunmehr fast 50 Jahre hat sich die DVG ihren berufspolitischen Aufgaben mit Erfolg gestellt und erf\u00fcllt.<br>Die Vielschichtigkeit und Unterschiedlichkeit der Berufe in den Verwaltungen der L\u00e4nder f\u00fchrt dazu, dass innerhalb der DVG ein breites Spektrum der vertretenen Mitglieder vorhanden ist.<\/p>\n\n\n\n<p>Die Interessen ihrer Mitglieder werden durch fachlich fundierte und berufsbezogene Gewerkschaftsarbeit und in den Personalvertretungen vertreten. <\/p>\n\n\n\n<p>Auch mit dem Vorsitzenden der Innenministerkonferenz (IMK) werden in Gespr\u00e4chen die berufspolitischen Belange der Verwaltungsbediensteten besprochen.\u00a0\u00a0 <br>Den Mitgliedern wird Rechtsschutz in Dienst- und Arbeitsrechtsangele\u00adgenheiten \u00fcber den\u00a0dbb mit seinen Servicecentern gew\u00e4hrt. Weiter werden Leistungen der dbb akademie &#8211; wie berufliche Fort- und Weiterbildung, Personalr\u00e4teschulungen, Informations- und Kommunikationsschulungen usw. &#8211; und der Beamtenselbsthilfeeinrichtungen vermittelt.<\/p>\n","protected":false},"excerpt":{"rendered":"<p>Die Deutsche Verwaltungs-Gewerkschaft (DVG) ist die Bundesfachgewerkschaft im Deutschen Beamtenbund und Tarifunion (dbb) f\u00fcr alle Besch\u00e4ftigten der allgemeinen und inneren Verwaltung der L\u00e4nder. In der gewerkschaftlichen Tagesarbeit und in der Auseinandersetzung mit gewerkschaftlicher Konkurrenz kann die DVG mit ihren Mitgliedsgewerkschaften mit Fug und Recht darauf verweisen, dass sie mit die auf die allgemeine und innere &#8230; <a title=\"DVG Bund\" class=\"read-more\" href=\"https:\/\/www.dvgbund.de\/?page_id=94\" aria-label=\"Mehr Informationen \u00fcber DVG Bund\">Weiterlesen<\/a><\/p>\n","protected":false},"author":1,"featured_media":0,"parent":0,"menu_order":0,"comment_status":"closed","ping_status":"closed","template":"","meta":{"_mi_skip_tracking":false,"_monsterinsights_sitenote_active":false,"_monsterinsights_sitenote_note":"","_monsterinsights_sitenote_category":0,"footnotes":""},"class_list":["post-94","page","type-page","status-publish"],"aioseo_notices":[],"_links":{"self":[{"href":"https:\/\/www.dvgbund.de\/index.php?rest_route=\/wp\/v2\/pages\/94","targetHints":{"allow":["GET"]}}],"collection":[{"href":"https:\/\/www.dvgbund.de\/index.php?rest_route=\/wp\/v2\/pages"}],"about":[{"href":"https:\/\/www.dvgbund.de\/index.php?rest_route=\/wp\/v2\/types\/page"}],"author":[{"embeddable":true,"href":"https:\/\/www.dvgbund.de\/index.php?rest_route=\/wp\/v2\/users\/1"}],"replies":[{"embeddable":true,"href":"https:\/\/www.dvgbund.de\/index.php?rest_route=%2Fwp%2Fv2%2Fcomments&post=94"}],"version-history":[{"count":3,"href":"https:\/\/www.dvgbund.de\/index.php?rest_route=\/wp\/v2\/pages\/94\/revisions"}],"predecessor-version":[{"id":770,"href":"https:\/\/www.dvgbund.de\/index.php?rest_route=\/wp\/v2\/pages\/94\/revisions\/770"}],"wp:attachment":[{"href":"https:\/\/www.dvgbund.de\/index.php?rest_route=%2Fwp%2Fv2%2Fmedia&parent=94"}],"curies":[{"name":"wp","href":"https:\/\/api.w.org\/{rel}","templated":true}]}}