{"id":947,"date":"2020-03-05T21:20:36","date_gmt":"2020-03-05T21:20:36","guid":{"rendered":"https:\/\/cms.dvgbund.de\/?page_id=947"},"modified":"2021-03-13T20:00:12","modified_gmt":"2021-03-13T20:00:12","slug":"beamtenrechtskommission","status":"publish","type":"page","link":"https:\/\/www.dvgbund.de\/?page_id=947","title":{"rendered":"Beamtenrechtskommission"},"content":{"rendered":"\r\n<h2 class=\"has-text-align-center wp-block-heading\">Kommission f\u00fcr Fragen des Beamtenrechts, des Beamtenstatus und der Beamtenversorgung<\/h2>\r\n\r\n\r\n\r\n<p class=\"has-text-align-center\"><br>(Beamtenrechtskommission gem. \u00a7 12 i.V.m. \u00a7 19 der Satzung der Deutschen Verwaltungs-Gewerkschaft)<\/p>\r\n\r\n\r\n\r\n<p>Gem\u00e4\u00df \u00a7 12 i.V.m. \u00a7 19 der Satzung der Deutschen Verwaltungs-Gewerkschaft wird eine Beamtenrechtskommission (im folgenden Kommission benannt) beschlossen (Bundeshauptvorstandsitzung am 23. April 2016).<\/p>\r\n\r\n\r\n\r\n<p><br>Grundlage ist die Gesch\u00e4ftsordnung mit nachfolgenden Inhalten:<\/p>\r\n\r\n\r\n\r\n<p class=\"has-text-align-center\"><br><strong>\u00a7 1 Zweck und Aufgabe<\/strong><\/p>\r\n\r\n\r\n\r\n<ol class=\"wp-block-list\"><li>Die Kommission vertritt die Interessen und Anliegen der Beamtinnen und Beamten einschlie\u00dflich der Ruhestandsbeamtinnen und \u2013 beamten innerhalb der DVG auf Bundesebene. Ihre Aufgaben sind insbesondere:<ul><li>Initiativen\/\u00dcberlegungen zur Fort- und Weiterentwicklung im Beamten- und Beamtenversorgungsrecht sowie ausgehend hiervon Empfehlungen an den DVG Bundesvorstand und DVG Bundeshauptvorstand.<\/li><li>Beratung und Stellungnahmen zu beamtenrechtlichen und beamtenpolitischen Fragestellungen<\/li><li>Er\u00f6rterung und Diskussion von beamtenrechtlichen und beamtenpolitischen Entwicklungen auf Bundesebene und Landesebenen<\/li><\/ul><\/li><\/ol>\r\n\r\n\r\n\r\n<p class=\"has-text-align-center\"><strong>\u00a7 2 Zusammensetzung und Zusammenkunft<\/strong><\/p>\r\n\r\n\r\n\r\n<ol class=\"wp-block-list\"><li>Die Kommission besteht aus dem f\u00fcr Beamtenrecht zust\u00e4ndigen stellvertretenden Bundesvorsitzenden als Vorsitzender und vier weiteren st\u00e4ndigen Mitgliedern. Es ist anzustreben, dass vor allem solche Mitgliedsgewerkschaften Mitglieder entsenden, deren Mitglieder einen hohen Anteil an Beamtinnen und Beamten aufweisen.<\/li><li>Die Entsendung von mehreren Mitgliedern einer Mitgliedgewerkschaft ist m\u00f6glich.<\/li><li>Die Mitgliedgewerkschaften k\u00f6nnen Vorschl\u00e4ge machen bzw. Mitglieder ihrer Gewerkschaft mitteilen. Liegen mehr als 4 Vorschl\u00e4ge vor, entscheidet der Bundesvorstand \u00fcber die Zusammensetzung. Dabei sollen vor allem Mitglieder ber\u00fccksichtigt werden, die in einem Beamtenverh\u00e4ltnis stehen, Ruhestandsbeamte\/innen sind und Mitglied einer Mitgliedgewerkschaft sind.<\/li><li>Die Kommission kommt mindestens einmal j\u00e4hrlich zusammen. Eine Zusammenkunft mehr als zweimal j\u00e4hrlich bedingt die Zustimmung des Bundesvorstandes.<\/li><li>Die weiteren Mitglieder des Bundesvorstandes k\u00f6nnen mit beratender Stimme teilnehmen.<\/li><li>Die Kommission kann zu ihren Sitzungen G\u00e4ste zulassen.<\/li><\/ol>\r\n\r\n\r\n\r\n<p class=\"has-text-align-center\"><strong>\u00a7 3 Gesch\u00e4ftsf\u00fchrung<\/strong><\/p>\r\n\r\n\r\n\r\n<ol class=\"wp-block-list\"><li>Der Vorsitzende beruft die Kommission ein und bestimmt die Tagesordnung. Vorschl\u00e4ge<br>f\u00fcr die Tagesordnung k\u00f6nnen von jedem Mitglied rechtzeitig mindestens aber 6 Wochen<br>vor der Sitzung an den Vorsitzenden weitergegeben werden. Diese m\u00fcssen dann auf die<br>Tagesordnung gesetzt werden.<\/li><li>Der Vorsitzende vertritt die Kommission nach au\u00dfen und berichtet dem Bundesvorstand<br>und Bundeshauptvorstand. Er ist auch Ansprechpartner f\u00fcr die einzelnen Mitgliedsgewerkschaften bei beamtenrechtlichen- und beamtenversorgungsrechtlichen Fragen.<\/li><\/ol>\r\n\r\n\r\n\r\n<p class=\"has-text-align-center\"><strong>\u00a7 4 Arbeitsweise und Verfahren<\/strong><\/p>\r\n\r\n\r\n\r\n<ol class=\"wp-block-list\"><li>Die Kommission ist beschluss- und tagungsf\u00e4hig, wenn mindestens 3 Mitglieder an einer<br>Sitzung teilnehmen. Im Einzelfall und soweit der Vorsitzende die Notwendigkeit auf<br>Grund Themenlage\/Tagesordnungspunkte sieht ist eine Zusammenkunft und ein Beschluss<br>auch m\u00f6glich bei Anwesenheit von 2 Mitgliedern. Dies soll jedoch nur die Ausnahme<br>sein.<\/li><li>Beschl\u00fcsse werden mit einfacher Mehrheit getroffen. Bei Stimmengleichheit entscheidet<br>der Vorsitzende. Erfolgt keine Entscheidung durch ihn kommt ein Beschluss nicht zu<br>Stande oder ist abgelehnt.<\/li><\/ol>\r\n\r\n\r\n\r\n<p class=\"has-text-align-center\"><br><strong>\u00a7 5 Reisekosten, Tagungsgeb\u00fchren usw.<\/strong><\/p>\r\n\r\n\r\n\r\n<ol class=\"wp-block-list\"><li>Die Kommission wird ihre Arbeitsweise so organisieren, dass die Kosten so gering als<br>m\u00f6glich sind. Mehr als 1 \u00dcbernachtung ist nicht vorgesehen. \u00dcber Ausnahmen entscheidet<br>der Bundesvorsitzende.<\/li><li>Die Kosten f\u00fcr An-und Abreise (Reisekosten), f\u00fcr \u00dcbernachtung und sonstige, tragen die<br>entsendenden Mitgliedsgewerkschaften. Kosten f\u00fcr die Teilnahme von Mitgliedern des<br>Bundesvorstandes tr\u00e4gt die DVG. Dies gilt ebenso, soweit ein Mitglied der Kommission<br>auch dem Bundesvorstand angeh\u00f6rt.<\/li><\/ol>\r\n\r\n\r\n\r\n<p class=\"has-text-align-center\"><br><strong>\u00a7 6 Sonstiges<\/strong><br><\/p>\r\n\r\n\r\n\r\n<p>Soweit es zu Fragestellungen kommt, die nicht in der Gesch\u00e4ftsordnung geregelt sind entscheidet der Bundesvorstand. Ist dies nicht m\u00f6glich (z.B. aus zeitlichen Gr\u00fcnden) der Bundesvorsitzende, bei Verhinderung die Stellvertreter.<\/p>\r\n\r\n\r\n\r\n<p><br>Diese Gesch\u00e4ftsordnung wurde vom Bundeshauptvorstand auf Grund Empfehlung des Bundesvorstandes am 23. April 2016 in K\u00f6nigswinter-Thomasberg beschlossen.<\/p>\r\n\r\n\r\n\r\n<h2 class=\"wp-block-heading\">Dokumente<\/h2>\r\n\r\n\r\n\r\n<div class=\"wp-block-file\"><a href=\"https:\/\/www.dvgbund.de\/wp-content\/uploads\/2021\/03\/Geschaeftsordnung-Beamtenrechtskommission.pdf\">Geschaeftsordnung Beamtenrechtskommission<\/a><a href=\"https:\/\/www.dvgbund.de\/wp-content\/uploads\/2021\/03\/Geschaeftsordnung-Beamtenrechtskommission.pdf\" class=\"wp-block-file__button\" download>Herunterladen<\/a><\/div>\r\n","protected":false},"excerpt":{"rendered":"<p>Kommission f\u00fcr Fragen des Beamtenrechts, des Beamtenstatus und der Beamtenversorgung (Beamtenrechtskommission gem. \u00a7 12 i.V.m. \u00a7 19 der Satzung der Deutschen Verwaltungs-Gewerkschaft) Gem\u00e4\u00df \u00a7 12 i.V.m. \u00a7 19 der Satzung der Deutschen Verwaltungs-Gewerkschaft wird eine Beamtenrechtskommission (im folgenden Kommission benannt) beschlossen (Bundeshauptvorstandsitzung am 23. April 2016). Grundlage ist die Gesch\u00e4ftsordnung mit nachfolgenden Inhalten: \u00a7 1 &#8230; <a title=\"Beamtenrechtskommission\" class=\"read-more\" href=\"https:\/\/www.dvgbund.de\/?page_id=947\" aria-label=\"Mehr Informationen \u00fcber Beamtenrechtskommission\">Weiterlesen<\/a><\/p>\n","protected":false},"author":1,"featured_media":0,"parent":0,"menu_order":0,"comment_status":"closed","ping_status":"closed","template":"","meta":{"_mi_skip_tracking":false,"_monsterinsights_sitenote_active":false,"_monsterinsights_sitenote_note":"","_monsterinsights_sitenote_category":0,"footnotes":""},"class_list":["post-947","page","type-page","status-publish"],"aioseo_notices":[],"_links":{"self":[{"href":"https:\/\/www.dvgbund.de\/index.php?rest_route=\/wp\/v2\/pages\/947","targetHints":{"allow":["GET"]}}],"collection":[{"href":"https:\/\/www.dvgbund.de\/index.php?rest_route=\/wp\/v2\/pages"}],"about":[{"href":"https:\/\/www.dvgbund.de\/index.php?rest_route=\/wp\/v2\/types\/page"}],"author":[{"embeddable":true,"href":"https:\/\/www.dvgbund.de\/index.php?rest_route=\/wp\/v2\/users\/1"}],"replies":[{"embeddable":true,"href":"https:\/\/www.dvgbund.de\/index.php?rest_route=%2Fwp%2Fv2%2Fcomments&post=947"}],"version-history":[{"count":3,"href":"https:\/\/www.dvgbund.de\/index.php?rest_route=\/wp\/v2\/pages\/947\/revisions"}],"predecessor-version":[{"id":1044,"href":"https:\/\/www.dvgbund.de\/index.php?rest_route=\/wp\/v2\/pages\/947\/revisions\/1044"}],"wp:attachment":[{"href":"https:\/\/www.dvgbund.de\/index.php?rest_route=%2Fwp%2Fv2%2Fmedia&parent=947"}],"curies":[{"name":"wp","href":"https:\/\/api.w.org\/{rel}","templated":true}]}}